{"id":3692701,"date":"2025-10-13T13:52:13","date_gmt":"2025-10-13T17:52:13","guid":{"rendered":"https:\/\/stoic-curie.212-227-153-4.plesk.page\/product\/nehrdajuca-elektricna-spojnica-crvena-300amp-4t\/"},"modified":"2026-02-25T00:01:19","modified_gmt":"2026-02-25T00:01:19","slug":"nehrdajuca-elektricna-spojnica-crvena-300amp-4t","status":"publish","type":"product","link":"https:\/\/stoic-curie.212-227-153-4.plesk.page\/hr\/product\/nehrdajuca-elektricna-spojnica-crvena-300amp-4t\/","title":{"rendered":"Nehr\u0111aju\u0107a elektri\u010dna spojnica crvena 300amp 4T"},"content":{"rendered":"<p>Nehr\u0111aju\u0107a elektri\u010dna spojnica crvena 300amp 4T &#8211; <\/p>\n<p>Napajanje s 4 nikalom premazanih mjedenih \u0161ipki M10 i izoliranom podlogom. Uklju\u010duje poklopac i oznaku. Dimenzije: 138 mm x 68 mm x V39 mm.<\/p>\n","protected":false},"excerpt":{"rendered":"<p>Nehr\u0111aju\u0107a elektri\u010dna spojnica crvena 300amp 4T &#8211; Napajanje s 4 nikalom premazanih mjedenih \u0161ipki M10 i izoliranom podlogom. Uklju\u010duje poklopac<\/p>\n","protected":false},"featured_media":5947693,"comment_status":"closed","ping_status":"closed","template":"","meta":[],"product_brand":[2831],"product_cat":[1740],"product_tag":[],"class_list":{"0":"post-3692701","1":"product","2":"type-product","3":"status-publish","4":"has-post-thumbnail","6":"product_brand-blue-sea-systems-hr","7":"product_cat-elektricni-pribor","9":"first","10":"instock","11":"shipping-taxable","12":"purchasable","13":"product-type-simple"},"_links":{"self":[{"href":"https:\/\/stoic-curie.212-227-153-4.plesk.page\/hr\/wp-json\/wp\/v2\/product\/3692701","targetHints":{"allow":["GET"]}}],"collection":[{"href":"https:\/\/stoic-curie.212-227-153-4.plesk.page\/hr\/wp-json\/wp\/v2\/product"}],"about":[{"href":"https:\/\/stoic-curie.212-227-153-4.plesk.page\/hr\/wp-json\/wp\/v2\/types\/product"}],"replies":[{"embeddable":true,"href":"https:\/\/stoic-curie.212-227-153-4.plesk.page\/hr\/wp-json\/wp\/v2\/comments?post=3692701"}],"version-history":[{"count":0,"href":"https:\/\/stoic-curie.212-227-153-4.plesk.page\/hr\/wp-json\/wp\/v2\/product\/3692701\/revisions"}],"wp:featuredmedia":[{"embeddable":true,"href":"https:\/\/stoic-curie.212-227-153-4.plesk.page\/hr\/wp-json\/wp\/v2\/media\/5947693"}],"wp:attachment":[{"href":"https:\/\/stoic-curie.212-227-153-4.plesk.page\/hr\/wp-json\/wp\/v2\/media?parent=3692701"}],"wp:term":[{"taxonomy":"product_brand","embeddable":true,"href":"https:\/\/stoic-curie.212-227-153-4.plesk.page\/hr\/wp-json\/wp\/v2\/product_brand?post=3692701"},{"taxonomy":"product_cat","embeddable":true,"href":"https:\/\/stoic-curie.212-227-153-4.plesk.page\/hr\/wp-json\/wp\/v2\/product_cat?post=3692701"},{"taxonomy":"product_tag","embeddable":true,"href":"https:\/\/stoic-curie.212-227-153-4.plesk.page\/hr\/wp-json\/wp\/v2\/product_tag?post=3692701"}],"curies":[{"name":"wp","href":"https:\/\/api.w.org\/{rel}","templated":true}]}}