{"id":3692719,"date":"2025-10-13T13:52:18","date_gmt":"2025-10-13T17:52:18","guid":{"rendered":"https:\/\/stoic-curie.212-227-153-4.plesk.page\/product\/elektricni-prekidac-ip55-bipolarni-6t-ukljuceno-iskljuceno-ukljuceno\/"},"modified":"2026-02-25T00:01:19","modified_gmt":"2026-02-25T00:01:19","slug":"elektricni-prekidac-ip55-bipolarni-6t-ukljuceno-iskljuceno-ukljuceno","status":"publish","type":"product","link":"https:\/\/stoic-curie.212-227-153-4.plesk.page\/hr\/product\/elektricni-prekidac-ip55-bipolarni-6t-ukljuceno-iskljuceno-ukljuceno\/","title":{"rendered":"Elektricni prekidac IP55 bipolarni 6T (ukljuceno)-iskljuceno-(ukljuceno)"},"content":{"rendered":"<p>Elektricni prekidac IP55 bipolarni 6T (ukljuceno)-iskljuceno-(ukljuceno) &#8211; <\/p>\n<p>IP55 12V-16A prekida\u010di otporniji na vremenske uvjete s LED svjetlom i oznakama. &#8216;On&#8217; u zagradi ozna\u010dava trenutni polo\u017eaj.<\/p>\n","protected":false},"excerpt":{"rendered":"<p>Elektricni prekidac IP55 bipolarni 6T (ukljuceno)-iskljuceno-(ukljuceno) &#8211; IP55 12V-16A prekida\u010di otporniji na vremenske uvjete s LED svjetlom i oznakama. &#8216;On&#8217;<\/p>\n","protected":false},"featured_media":5947715,"comment_status":"closed","ping_status":"closed","template":"","meta":[],"product_brand":[2831],"product_cat":[1743],"product_tag":[],"class_list":{"0":"post-3692719","1":"product","2":"type-product","3":"status-publish","4":"has-post-thumbnail","6":"product_brand-blue-sea-systems-hr","7":"product_cat-elektricni-prekidaci","9":"first","10":"outofstock","11":"shipping-taxable","12":"purchasable","13":"product-type-simple"},"_links":{"self":[{"href":"https:\/\/stoic-curie.212-227-153-4.plesk.page\/hr\/wp-json\/wp\/v2\/product\/3692719","targetHints":{"allow":["GET"]}}],"collection":[{"href":"https:\/\/stoic-curie.212-227-153-4.plesk.page\/hr\/wp-json\/wp\/v2\/product"}],"about":[{"href":"https:\/\/stoic-curie.212-227-153-4.plesk.page\/hr\/wp-json\/wp\/v2\/types\/product"}],"replies":[{"embeddable":true,"href":"https:\/\/stoic-curie.212-227-153-4.plesk.page\/hr\/wp-json\/wp\/v2\/comments?post=3692719"}],"version-history":[{"count":0,"href":"https:\/\/stoic-curie.212-227-153-4.plesk.page\/hr\/wp-json\/wp\/v2\/product\/3692719\/revisions"}],"wp:featuredmedia":[{"embeddable":true,"href":"https:\/\/stoic-curie.212-227-153-4.plesk.page\/hr\/wp-json\/wp\/v2\/media\/5947715"}],"wp:attachment":[{"href":"https:\/\/stoic-curie.212-227-153-4.plesk.page\/hr\/wp-json\/wp\/v2\/media?parent=3692719"}],"wp:term":[{"taxonomy":"product_brand","embeddable":true,"href":"https:\/\/stoic-curie.212-227-153-4.plesk.page\/hr\/wp-json\/wp\/v2\/product_brand?post=3692719"},{"taxonomy":"product_cat","embeddable":true,"href":"https:\/\/stoic-curie.212-227-153-4.plesk.page\/hr\/wp-json\/wp\/v2\/product_cat?post=3692719"},{"taxonomy":"product_tag","embeddable":true,"href":"https:\/\/stoic-curie.212-227-153-4.plesk.page\/hr\/wp-json\/wp\/v2\/product_tag?post=3692719"}],"curies":[{"name":"wp","href":"https:\/\/api.w.org\/{rel}","templated":true}]}}