{"id":3692728,"date":"2025-10-13T13:52:20","date_gmt":"2025-10-13T17:52:20","guid":{"rendered":"https:\/\/stoic-curie.212-227-153-4.plesk.page\/product\/relej-spdt-24v-40amp\/"},"modified":"2026-02-25T00:01:19","modified_gmt":"2026-02-25T00:01:19","slug":"relej-spdt-24v-40amp","status":"publish","type":"product","link":"https:\/\/stoic-curie.212-227-153-4.plesk.page\/hr\/product\/relej-spdt-24v-40amp\/","title":{"rendered":"Relej SPDT 24V 40AMP"},"content":{"rendered":"<p>Relej SPDT 24V 40AMP &#8211; <\/p>\n<p>5-pinska SPDT elektro relejna sklopka koja prebacuje kontakt izme\u0111u dva kruga (87-87A). Dostupno u standardnoj verziji ili s prethodno povezanim ku\u0107i\u0161tem uti\u010dnice.<\/p>\n","protected":false},"excerpt":{"rendered":"<p>Relej SPDT 24V 40AMP &#8211; 5-pinska SPDT elektro relejna sklopka koja prebacuje kontakt izme\u0111u dva kruga (87-87A). Dostupno u standardnoj<\/p>\n","protected":false},"featured_media":5947725,"comment_status":"closed","ping_status":"closed","template":"","meta":[],"product_brand":[2831],"product_cat":[1748],"product_tag":[],"class_list":{"0":"post-3692728","1":"product","2":"type-product","3":"status-publish","4":"has-post-thumbnail","6":"product_brand-blue-sea-systems-hr","7":"product_cat-prekidaci-i-releji","9":"first","10":"instock","11":"shipping-taxable","12":"purchasable","13":"product-type-simple"},"_links":{"self":[{"href":"https:\/\/stoic-curie.212-227-153-4.plesk.page\/hr\/wp-json\/wp\/v2\/product\/3692728","targetHints":{"allow":["GET"]}}],"collection":[{"href":"https:\/\/stoic-curie.212-227-153-4.plesk.page\/hr\/wp-json\/wp\/v2\/product"}],"about":[{"href":"https:\/\/stoic-curie.212-227-153-4.plesk.page\/hr\/wp-json\/wp\/v2\/types\/product"}],"replies":[{"embeddable":true,"href":"https:\/\/stoic-curie.212-227-153-4.plesk.page\/hr\/wp-json\/wp\/v2\/comments?post=3692728"}],"version-history":[{"count":0,"href":"https:\/\/stoic-curie.212-227-153-4.plesk.page\/hr\/wp-json\/wp\/v2\/product\/3692728\/revisions"}],"wp:featuredmedia":[{"embeddable":true,"href":"https:\/\/stoic-curie.212-227-153-4.plesk.page\/hr\/wp-json\/wp\/v2\/media\/5947725"}],"wp:attachment":[{"href":"https:\/\/stoic-curie.212-227-153-4.plesk.page\/hr\/wp-json\/wp\/v2\/media?parent=3692728"}],"wp:term":[{"taxonomy":"product_brand","embeddable":true,"href":"https:\/\/stoic-curie.212-227-153-4.plesk.page\/hr\/wp-json\/wp\/v2\/product_brand?post=3692728"},{"taxonomy":"product_cat","embeddable":true,"href":"https:\/\/stoic-curie.212-227-153-4.plesk.page\/hr\/wp-json\/wp\/v2\/product_cat?post=3692728"},{"taxonomy":"product_tag","embeddable":true,"href":"https:\/\/stoic-curie.212-227-153-4.plesk.page\/hr\/wp-json\/wp\/v2\/product_tag?post=3692728"}],"curies":[{"name":"wp","href":"https:\/\/api.w.org\/{rel}","templated":true}]}}