{"id":3692729,"date":"2025-10-13T13:52:20","date_gmt":"2025-10-13T17:52:20","guid":{"rendered":"https:\/\/stoic-curie.212-227-153-4.plesk.page\/product\/prekidac-za-vitla-50-x-75-mm\/"},"modified":"2026-02-25T00:01:19","modified_gmt":"2026-02-25T00:01:19","slug":"prekidac-za-vitla-50-x-75-mm","status":"publish","type":"product","link":"https:\/\/stoic-curie.212-227-153-4.plesk.page\/hr\/product\/prekidac-za-vitla-50-x-75-mm\/","title":{"rendered":"Prekida\u010d za vitla 50 x 75 mm"},"content":{"rendered":"<p>Prekida\u010d za vitla 50 x 75 mm &#8211; <\/p>\n<p>Windlass AA plo\u010de prekida\u010da s LED svjetlom.<\/p>\n","protected":false},"excerpt":{"rendered":"<p>Prekida\u010d za vitla 50 x 75 mm &#8211; Windlass AA plo\u010de prekida\u010da s LED svjetlom.<\/p>\n","protected":false},"featured_media":5939271,"comment_status":"closed","ping_status":"closed","template":"","meta":[],"product_brand":[3236],"product_cat":[1743,1611],"product_tag":[],"class_list":{"0":"post-3692729","1":"product","2":"type-product","3":"status-publish","4":"has-post-thumbnail","6":"product_brand-osculati-hr","7":"product_cat-elektricni-prekidaci","8":"product_cat-vitla-quick","10":"first","11":"instock","12":"shipping-taxable","13":"purchasable","14":"product-type-simple"},"_links":{"self":[{"href":"https:\/\/stoic-curie.212-227-153-4.plesk.page\/hr\/wp-json\/wp\/v2\/product\/3692729","targetHints":{"allow":["GET"]}}],"collection":[{"href":"https:\/\/stoic-curie.212-227-153-4.plesk.page\/hr\/wp-json\/wp\/v2\/product"}],"about":[{"href":"https:\/\/stoic-curie.212-227-153-4.plesk.page\/hr\/wp-json\/wp\/v2\/types\/product"}],"replies":[{"embeddable":true,"href":"https:\/\/stoic-curie.212-227-153-4.plesk.page\/hr\/wp-json\/wp\/v2\/comments?post=3692729"}],"version-history":[{"count":0,"href":"https:\/\/stoic-curie.212-227-153-4.plesk.page\/hr\/wp-json\/wp\/v2\/product\/3692729\/revisions"}],"wp:featuredmedia":[{"embeddable":true,"href":"https:\/\/stoic-curie.212-227-153-4.plesk.page\/hr\/wp-json\/wp\/v2\/media\/5939271"}],"wp:attachment":[{"href":"https:\/\/stoic-curie.212-227-153-4.plesk.page\/hr\/wp-json\/wp\/v2\/media?parent=3692729"}],"wp:term":[{"taxonomy":"product_brand","embeddable":true,"href":"https:\/\/stoic-curie.212-227-153-4.plesk.page\/hr\/wp-json\/wp\/v2\/product_brand?post=3692729"},{"taxonomy":"product_cat","embeddable":true,"href":"https:\/\/stoic-curie.212-227-153-4.plesk.page\/hr\/wp-json\/wp\/v2\/product_cat?post=3692729"},{"taxonomy":"product_tag","embeddable":true,"href":"https:\/\/stoic-curie.212-227-153-4.plesk.page\/hr\/wp-json\/wp\/v2\/product_tag?post=3692729"}],"curies":[{"name":"wp","href":"https:\/\/api.w.org\/{rel}","templated":true}]}}