{"id":3692792,"date":"2025-10-13T13:52:33","date_gmt":"2025-10-13T17:52:33","guid":{"rendered":"https:\/\/stoic-curie.212-227-153-4.plesk.page\/product\/bijelo-palubno-svjetlo-s-line-80mm-90-poplava-16-x-1w\/"},"modified":"2026-02-25T00:01:19","modified_gmt":"2026-02-25T00:01:19","slug":"bijelo-palubno-svjetlo-s-line-80mm-90-poplava-16-x-1w","status":"publish","type":"product","link":"https:\/\/stoic-curie.212-227-153-4.plesk.page\/hr\/product\/bijelo-palubno-svjetlo-s-line-80mm-90-poplava-16-x-1w\/","title":{"rendered":"Bijelo palubno svjetlo S-Line 80mm 90 \u00b0 Poplava 16 x 1W"},"content":{"rendered":"<p>Bijelo palubno svjetlo S-Line 80mm 90 \u00b0 Poplava 16 x 1W &#8211; <\/p>\n<p>IP68 vodootporna svjetla za kokpit i palubu. Osram LED \u017earnica s rasvjetnim snopom. Ku\u0107i\u0161te od legure aluminija otporno na koroziju s nosa\u010dem od nehr\u0111aju\u0107eg \u010delika. Napon 9-32V. Snaga 16W. 1200 lumena. Bijela svjetlost 6000 K.<\/p>\n","protected":false},"excerpt":{"rendered":"<p>Bijelo palubno svjetlo S-Line 80mm 90 \u00b0 Poplava 16 x 1W &#8211; IP68 vodootporna svjetla za kokpit i palubu. Osram<\/p>\n","protected":false},"featured_media":5947838,"comment_status":"closed","ping_status":"closed","template":"","meta":[],"product_brand":[3221],"product_cat":[1734],"product_tag":[],"class_list":{"0":"post-3692792","1":"product","2":"type-product","3":"status-publish","4":"has-post-thumbnail","6":"product_brand-oceanled-hr","7":"product_cat-brodski-reflektori","9":"first","10":"instock","11":"shipping-taxable","12":"purchasable","13":"product-type-simple"},"_links":{"self":[{"href":"https:\/\/stoic-curie.212-227-153-4.plesk.page\/hr\/wp-json\/wp\/v2\/product\/3692792","targetHints":{"allow":["GET"]}}],"collection":[{"href":"https:\/\/stoic-curie.212-227-153-4.plesk.page\/hr\/wp-json\/wp\/v2\/product"}],"about":[{"href":"https:\/\/stoic-curie.212-227-153-4.plesk.page\/hr\/wp-json\/wp\/v2\/types\/product"}],"replies":[{"embeddable":true,"href":"https:\/\/stoic-curie.212-227-153-4.plesk.page\/hr\/wp-json\/wp\/v2\/comments?post=3692792"}],"version-history":[{"count":0,"href":"https:\/\/stoic-curie.212-227-153-4.plesk.page\/hr\/wp-json\/wp\/v2\/product\/3692792\/revisions"}],"wp:featuredmedia":[{"embeddable":true,"href":"https:\/\/stoic-curie.212-227-153-4.plesk.page\/hr\/wp-json\/wp\/v2\/media\/5947838"}],"wp:attachment":[{"href":"https:\/\/stoic-curie.212-227-153-4.plesk.page\/hr\/wp-json\/wp\/v2\/media?parent=3692792"}],"wp:term":[{"taxonomy":"product_brand","embeddable":true,"href":"https:\/\/stoic-curie.212-227-153-4.plesk.page\/hr\/wp-json\/wp\/v2\/product_brand?post=3692792"},{"taxonomy":"product_cat","embeddable":true,"href":"https:\/\/stoic-curie.212-227-153-4.plesk.page\/hr\/wp-json\/wp\/v2\/product_cat?post=3692792"},{"taxonomy":"product_tag","embeddable":true,"href":"https:\/\/stoic-curie.212-227-153-4.plesk.page\/hr\/wp-json\/wp\/v2\/product_tag?post=3692792"}],"curies":[{"name":"wp","href":"https:\/\/api.w.org\/{rel}","templated":true}]}}