{"id":3692795,"date":"2025-10-13T13:52:34","date_gmt":"2025-10-13T17:52:34","guid":{"rendered":"https:\/\/stoic-curie.212-227-153-4.plesk.page\/product\/palubno-svijetlo-crno-s-line-110mm-30-tockasto-9-x-3w\/"},"modified":"2026-02-25T00:01:19","modified_gmt":"2026-02-25T00:01:19","slug":"palubno-svijetlo-crno-s-line-110mm-30-tockasto-9-x-3w","status":"publish","type":"product","link":"https:\/\/stoic-curie.212-227-153-4.plesk.page\/hr\/product\/palubno-svijetlo-crno-s-line-110mm-30-tockasto-9-x-3w\/","title":{"rendered":"Palubno svijetlo, crno, S-Line 110mm, 30\u00b0, to\u010dkasto, 9 x 3W"},"content":{"rendered":"<p>Palubno svijetlo, crno, S-Line 110mm, 30\u00b0, to\u010dkasto, 9 x 3W &#8211; <\/p>\n<p>IP68 vodonepropusna svjetlost za kokpit i palubu. Osram LED \u017earulja s reflektorom. Ku\u0107i\u0161te od aluminijske legure otporno na koroziju s okvirom od nehr\u0111aju\u0107eg \u010delika. Napon 9-32V. Snaga 27W. 2160 lumena. Bijela svjetlost 6000\u00c2\u00b0K.<\/p>\n","protected":false},"excerpt":{"rendered":"<p>Palubno svijetlo, crno, S-Line 110mm, 30\u00b0, to\u010dkasto, 9 x 3W &#8211; IP68 vodonepropusna svjetlost za kokpit i palubu. Osram LED<\/p>\n","protected":false},"featured_media":5947844,"comment_status":"closed","ping_status":"closed","template":"","meta":[],"product_brand":[3221],"product_cat":[1734],"product_tag":[],"class_list":{"0":"post-3692795","1":"product","2":"type-product","3":"status-publish","4":"has-post-thumbnail","6":"product_brand-oceanled-hr","7":"product_cat-brodski-reflektori","9":"first","10":"instock","11":"shipping-taxable","12":"purchasable","13":"product-type-simple"},"_links":{"self":[{"href":"https:\/\/stoic-curie.212-227-153-4.plesk.page\/hr\/wp-json\/wp\/v2\/product\/3692795","targetHints":{"allow":["GET"]}}],"collection":[{"href":"https:\/\/stoic-curie.212-227-153-4.plesk.page\/hr\/wp-json\/wp\/v2\/product"}],"about":[{"href":"https:\/\/stoic-curie.212-227-153-4.plesk.page\/hr\/wp-json\/wp\/v2\/types\/product"}],"replies":[{"embeddable":true,"href":"https:\/\/stoic-curie.212-227-153-4.plesk.page\/hr\/wp-json\/wp\/v2\/comments?post=3692795"}],"version-history":[{"count":0,"href":"https:\/\/stoic-curie.212-227-153-4.plesk.page\/hr\/wp-json\/wp\/v2\/product\/3692795\/revisions"}],"wp:featuredmedia":[{"embeddable":true,"href":"https:\/\/stoic-curie.212-227-153-4.plesk.page\/hr\/wp-json\/wp\/v2\/media\/5947844"}],"wp:attachment":[{"href":"https:\/\/stoic-curie.212-227-153-4.plesk.page\/hr\/wp-json\/wp\/v2\/media?parent=3692795"}],"wp:term":[{"taxonomy":"product_brand","embeddable":true,"href":"https:\/\/stoic-curie.212-227-153-4.plesk.page\/hr\/wp-json\/wp\/v2\/product_brand?post=3692795"},{"taxonomy":"product_cat","embeddable":true,"href":"https:\/\/stoic-curie.212-227-153-4.plesk.page\/hr\/wp-json\/wp\/v2\/product_cat?post=3692795"},{"taxonomy":"product_tag","embeddable":true,"href":"https:\/\/stoic-curie.212-227-153-4.plesk.page\/hr\/wp-json\/wp\/v2\/product_tag?post=3692795"}],"curies":[{"name":"wp","href":"https:\/\/api.w.org\/{rel}","templated":true}]}}