{"id":3692798,"date":"2025-10-13T13:52:35","date_gmt":"2025-10-13T17:52:35","guid":{"rendered":"https:\/\/stoic-curie.212-227-153-4.plesk.page\/product\/palubno-svijetlo-crno-g-line-160-x-46-x-56mm-60-siroko-6-x-3w\/"},"modified":"2026-02-25T00:01:19","modified_gmt":"2026-02-25T00:01:19","slug":"palubno-svijetlo-crno-g-line-160-x-46-x-56mm-60-siroko-6-x-3w","status":"publish","type":"product","link":"https:\/\/stoic-curie.212-227-153-4.plesk.page\/hr\/product\/palubno-svijetlo-crno-g-line-160-x-46-x-56mm-60-siroko-6-x-3w\/","title":{"rendered":"Palubno svijetlo, crno, G-Line 160 x 46 x 56mm, 60 \u00b0 \u0161iroko, 6 x 3w"},"content":{"rendered":"<p>Palubno svijetlo, crno, G-Line 160 x 46 x 56mm, 60 \u00b0 \u0161iroko, 6 x 3w &#8211; <\/p>\n<p>IP67 vodootporno LED svjetlo za kokpit i \u0161irenje na palubi. Tijelo od korozivnog aluminijskog legure s nosa\u010dem od nehr\u0111aju\u0107eg \u010delika. Napon 10-30V. Snaga 18W. 1350 lumena. Bijela svjetlost 6000\u00b0K.<\/p>\n","protected":false},"excerpt":{"rendered":"<p>Palubno svijetlo, crno, G-Line 160 x 46 x 56mm, 60 \u00b0 \u0161iroko, 6 x 3w &#8211; IP67 vodootporno LED svjetlo<\/p>\n","protected":false},"featured_media":5947850,"comment_status":"closed","ping_status":"closed","template":"","meta":[],"product_brand":[3221],"product_cat":[1734],"product_tag":[],"class_list":{"0":"post-3692798","1":"product","2":"type-product","3":"status-publish","4":"has-post-thumbnail","6":"product_brand-oceanled-hr","7":"product_cat-brodski-reflektori","9":"first","10":"instock","11":"shipping-taxable","12":"purchasable","13":"product-type-simple"},"_links":{"self":[{"href":"https:\/\/stoic-curie.212-227-153-4.plesk.page\/hr\/wp-json\/wp\/v2\/product\/3692798","targetHints":{"allow":["GET"]}}],"collection":[{"href":"https:\/\/stoic-curie.212-227-153-4.plesk.page\/hr\/wp-json\/wp\/v2\/product"}],"about":[{"href":"https:\/\/stoic-curie.212-227-153-4.plesk.page\/hr\/wp-json\/wp\/v2\/types\/product"}],"replies":[{"embeddable":true,"href":"https:\/\/stoic-curie.212-227-153-4.plesk.page\/hr\/wp-json\/wp\/v2\/comments?post=3692798"}],"version-history":[{"count":0,"href":"https:\/\/stoic-curie.212-227-153-4.plesk.page\/hr\/wp-json\/wp\/v2\/product\/3692798\/revisions"}],"wp:featuredmedia":[{"embeddable":true,"href":"https:\/\/stoic-curie.212-227-153-4.plesk.page\/hr\/wp-json\/wp\/v2\/media\/5947850"}],"wp:attachment":[{"href":"https:\/\/stoic-curie.212-227-153-4.plesk.page\/hr\/wp-json\/wp\/v2\/media?parent=3692798"}],"wp:term":[{"taxonomy":"product_brand","embeddable":true,"href":"https:\/\/stoic-curie.212-227-153-4.plesk.page\/hr\/wp-json\/wp\/v2\/product_brand?post=3692798"},{"taxonomy":"product_cat","embeddable":true,"href":"https:\/\/stoic-curie.212-227-153-4.plesk.page\/hr\/wp-json\/wp\/v2\/product_cat?post=3692798"},{"taxonomy":"product_tag","embeddable":true,"href":"https:\/\/stoic-curie.212-227-153-4.plesk.page\/hr\/wp-json\/wp\/v2\/product_tag?post=3692798"}],"curies":[{"name":"wp","href":"https:\/\/api.w.org\/{rel}","templated":true}]}}