{"id":3692800,"date":"2025-10-13T13:52:35","date_gmt":"2025-10-13T17:52:35","guid":{"rendered":"https:\/\/stoic-curie.212-227-153-4.plesk.page\/product\/bijelo-palubno-svjetlo-g-linija-160-x-46-x-56mm-30-spot-6-x-3w\/"},"modified":"2026-02-25T00:01:19","modified_gmt":"2026-02-25T00:01:19","slug":"bijelo-palubno-svjetlo-g-linija-160-x-46-x-56mm-30-spot-6-x-3w","status":"publish","type":"product","link":"https:\/\/stoic-curie.212-227-153-4.plesk.page\/hr\/product\/bijelo-palubno-svjetlo-g-linija-160-x-46-x-56mm-30-spot-6-x-3w\/","title":{"rendered":"Bijelo palubno svjetlo G-linija 160 x 46 x 56mm 30 \u00b0 Spot 6 x 3w"},"content":{"rendered":"<p>Bijelo palubno svjetlo G-linija 160 x 46 x 56mm 30 \u00b0 Spot 6 x 3w &#8211; <\/p>\n<p>LED projektor za kokpit i palubu, vodootporan IP67. Tijelo od aluminijske legure otporno na koroziju s nosa\u010dem od nehr\u0111aju\u0107eg \u010delika. Napajanje od 10-30V. Snaga 18W. 1350 lumena. Bijela svjetlost od 6000\u00b0K.<\/p>\n","protected":false},"excerpt":{"rendered":"<p>Bijelo palubno svjetlo G-linija 160 x 46 x 56mm 30 \u00b0 Spot 6 x 3w &#8211; LED projektor za kokpit<\/p>\n","protected":false},"featured_media":5947853,"comment_status":"closed","ping_status":"closed","template":"","meta":[],"product_brand":[3221],"product_cat":[1734],"product_tag":[],"class_list":{"0":"post-3692800","1":"product","2":"type-product","3":"status-publish","4":"has-post-thumbnail","6":"product_brand-oceanled-hr","7":"product_cat-brodski-reflektori","9":"first","10":"instock","11":"shipping-taxable","12":"purchasable","13":"product-type-simple"},"_links":{"self":[{"href":"https:\/\/stoic-curie.212-227-153-4.plesk.page\/hr\/wp-json\/wp\/v2\/product\/3692800","targetHints":{"allow":["GET"]}}],"collection":[{"href":"https:\/\/stoic-curie.212-227-153-4.plesk.page\/hr\/wp-json\/wp\/v2\/product"}],"about":[{"href":"https:\/\/stoic-curie.212-227-153-4.plesk.page\/hr\/wp-json\/wp\/v2\/types\/product"}],"replies":[{"embeddable":true,"href":"https:\/\/stoic-curie.212-227-153-4.plesk.page\/hr\/wp-json\/wp\/v2\/comments?post=3692800"}],"version-history":[{"count":0,"href":"https:\/\/stoic-curie.212-227-153-4.plesk.page\/hr\/wp-json\/wp\/v2\/product\/3692800\/revisions"}],"wp:featuredmedia":[{"embeddable":true,"href":"https:\/\/stoic-curie.212-227-153-4.plesk.page\/hr\/wp-json\/wp\/v2\/media\/5947853"}],"wp:attachment":[{"href":"https:\/\/stoic-curie.212-227-153-4.plesk.page\/hr\/wp-json\/wp\/v2\/media?parent=3692800"}],"wp:term":[{"taxonomy":"product_brand","embeddable":true,"href":"https:\/\/stoic-curie.212-227-153-4.plesk.page\/hr\/wp-json\/wp\/v2\/product_brand?post=3692800"},{"taxonomy":"product_cat","embeddable":true,"href":"https:\/\/stoic-curie.212-227-153-4.plesk.page\/hr\/wp-json\/wp\/v2\/product_cat?post=3692800"},{"taxonomy":"product_tag","embeddable":true,"href":"https:\/\/stoic-curie.212-227-153-4.plesk.page\/hr\/wp-json\/wp\/v2\/product_tag?post=3692800"}],"curies":[{"name":"wp","href":"https:\/\/api.w.org\/{rel}","templated":true}]}}