{"id":3692802,"date":"2025-10-13T13:52:36","date_gmt":"2025-10-13T17:52:36","guid":{"rendered":"https:\/\/stoic-curie.212-227-153-4.plesk.page\/product\/led-svjetlo-za-bimini-130mm\/"},"modified":"2026-02-25T00:01:19","modified_gmt":"2026-02-25T00:01:19","slug":"led-svjetlo-za-bimini-130mm","status":"publish","type":"product","link":"https:\/\/stoic-curie.212-227-153-4.plesk.page\/hr\/product\/led-svjetlo-za-bimini-130mm\/","title":{"rendered":"LED svjetlo za Bimini 130mm"},"content":{"rendered":"<p>LED svjetlo za Bimini 130mm &#8211; Punja\u010da LED svjetla s magnetskom pri\u010dvr\u0161\u0107ivanjem za bimini i tendu. Zahvaljuju\u0107i inovativnoj magnetskoj monta\u017ei, svjetlo se mo\u017ee brzo i jednostavno instalirati na bilo koju tkaninu. Upravlja se daljinskim upravlja\u010dem i napaja s 4 AA baterije (nisu uklju\u010dene). Zahvaljuju\u0107i integriranom punja\u010du, ako se koriste punjive baterije, jednostavno priklju\u010dite svjetlo na mre\u017eu za punjenje baterija. Topla bijela svjetlost.<\/p>\n","protected":false},"excerpt":{"rendered":"<p>LED svjetlo za Bimini 130mm &#8211; Punja\u010da LED svjetla s magnetskom pri\u010dvr\u0161\u0107ivanjem za bimini i tendu. Zahvaljuju\u0107i inovativnoj magnetskoj monta\u017ei,<\/p>\n","protected":false},"featured_media":5947868,"comment_status":"closed","ping_status":"closed","template":"","meta":[],"product_brand":[3221],"product_cat":[1689,1739],"product_tag":[],"class_list":{"0":"post-3692802","1":"product","2":"type-product","3":"status-publish","4":"has-post-thumbnail","6":"product_brand-oceanled-hr","7":"product_cat-bimini-tende","8":"product_cat-rasvjeta","10":"first","11":"instock","12":"shipping-taxable","13":"purchasable","14":"product-type-simple"},"_links":{"self":[{"href":"https:\/\/stoic-curie.212-227-153-4.plesk.page\/hr\/wp-json\/wp\/v2\/product\/3692802","targetHints":{"allow":["GET"]}}],"collection":[{"href":"https:\/\/stoic-curie.212-227-153-4.plesk.page\/hr\/wp-json\/wp\/v2\/product"}],"about":[{"href":"https:\/\/stoic-curie.212-227-153-4.plesk.page\/hr\/wp-json\/wp\/v2\/types\/product"}],"replies":[{"embeddable":true,"href":"https:\/\/stoic-curie.212-227-153-4.plesk.page\/hr\/wp-json\/wp\/v2\/comments?post=3692802"}],"version-history":[{"count":0,"href":"https:\/\/stoic-curie.212-227-153-4.plesk.page\/hr\/wp-json\/wp\/v2\/product\/3692802\/revisions"}],"wp:featuredmedia":[{"embeddable":true,"href":"https:\/\/stoic-curie.212-227-153-4.plesk.page\/hr\/wp-json\/wp\/v2\/media\/5947868"}],"wp:attachment":[{"href":"https:\/\/stoic-curie.212-227-153-4.plesk.page\/hr\/wp-json\/wp\/v2\/media?parent=3692802"}],"wp:term":[{"taxonomy":"product_brand","embeddable":true,"href":"https:\/\/stoic-curie.212-227-153-4.plesk.page\/hr\/wp-json\/wp\/v2\/product_brand?post=3692802"},{"taxonomy":"product_cat","embeddable":true,"href":"https:\/\/stoic-curie.212-227-153-4.plesk.page\/hr\/wp-json\/wp\/v2\/product_cat?post=3692802"},{"taxonomy":"product_tag","embeddable":true,"href":"https:\/\/stoic-curie.212-227-153-4.plesk.page\/hr\/wp-json\/wp\/v2\/product_tag?post=3692802"}],"curies":[{"name":"wp","href":"https:\/\/api.w.org\/{rel}","templated":true}]}}