{"id":3692803,"date":"2025-10-13T13:52:36","date_gmt":"2025-10-13T17:52:36","guid":{"rendered":"https:\/\/stoic-curie.212-227-153-4.plesk.page\/product\/punjiva-led-baklja-125-cm\/"},"modified":"2026-02-25T00:01:19","modified_gmt":"2026-02-25T00:01:19","slug":"punjiva-led-baklja-125-cm","status":"publish","type":"product","link":"https:\/\/stoic-curie.212-227-153-4.plesk.page\/hr\/product\/punjiva-led-baklja-125-cm\/","title":{"rendered":"Punjiva LED baklja 12,5 cm"},"content":{"rendered":"<p>Punjiva LED baklja 12,5 cm &#8211; <\/p>\n<p>Mo\u0107na LED svjetiljka otporna na vodu IP65 s aluminijskim rebrastim tijelom od 300 lumena. 4 vrste svjetlosti koje se mogu postaviti: jaka (100%) &#8211; srednja (50%) &#8211; COB &#8211; trep\u0107u\u0107a COB. Zoom se mo\u017ee koristiti za promjenu koncentracije snopa svjetlosti. Opremljena bo\u010dnom COB svjetlom od 150 lumena za optimalno osvjetljavanje svake okoline. Radi s 18650 baterijom (uklju\u010dena) koja se mo\u017ee puniti putem USB uti\u010dnice ili s 3 AAA baterije (nije uklju\u010dena).<\/p>\n","protected":false},"excerpt":{"rendered":"<p>Punjiva LED baklja 12,5 cm &#8211; Mo\u0107na LED svjetiljka otporna na vodu IP65 s aluminijskim rebrastim tijelom od 300 lumena.<\/p>\n","protected":false},"featured_media":5947871,"comment_status":"closed","ping_status":"closed","template":"","meta":[],"product_brand":[3221],"product_cat":[1738],"product_tag":[],"class_list":{"0":"post-3692803","1":"product","2":"type-product","3":"status-publish","4":"has-post-thumbnail","6":"product_brand-oceanled-hr","7":"product_cat-prijenosne-baklje","9":"first","10":"instock","11":"shipping-taxable","12":"purchasable","13":"product-type-simple"},"_links":{"self":[{"href":"https:\/\/stoic-curie.212-227-153-4.plesk.page\/hr\/wp-json\/wp\/v2\/product\/3692803","targetHints":{"allow":["GET"]}}],"collection":[{"href":"https:\/\/stoic-curie.212-227-153-4.plesk.page\/hr\/wp-json\/wp\/v2\/product"}],"about":[{"href":"https:\/\/stoic-curie.212-227-153-4.plesk.page\/hr\/wp-json\/wp\/v2\/types\/product"}],"replies":[{"embeddable":true,"href":"https:\/\/stoic-curie.212-227-153-4.plesk.page\/hr\/wp-json\/wp\/v2\/comments?post=3692803"}],"version-history":[{"count":0,"href":"https:\/\/stoic-curie.212-227-153-4.plesk.page\/hr\/wp-json\/wp\/v2\/product\/3692803\/revisions"}],"wp:featuredmedia":[{"embeddable":true,"href":"https:\/\/stoic-curie.212-227-153-4.plesk.page\/hr\/wp-json\/wp\/v2\/media\/5947871"}],"wp:attachment":[{"href":"https:\/\/stoic-curie.212-227-153-4.plesk.page\/hr\/wp-json\/wp\/v2\/media?parent=3692803"}],"wp:term":[{"taxonomy":"product_brand","embeddable":true,"href":"https:\/\/stoic-curie.212-227-153-4.plesk.page\/hr\/wp-json\/wp\/v2\/product_brand?post=3692803"},{"taxonomy":"product_cat","embeddable":true,"href":"https:\/\/stoic-curie.212-227-153-4.plesk.page\/hr\/wp-json\/wp\/v2\/product_cat?post=3692803"},{"taxonomy":"product_tag","embeddable":true,"href":"https:\/\/stoic-curie.212-227-153-4.plesk.page\/hr\/wp-json\/wp\/v2\/product_tag?post=3692803"}],"curies":[{"name":"wp","href":"https:\/\/api.w.org\/{rel}","templated":true}]}}