{"id":3692804,"date":"2025-10-13T13:52:36","date_gmt":"2025-10-13T17:52:36","guid":{"rendered":"https:\/\/stoic-curie.212-227-153-4.plesk.page\/product\/punjiva-litijeva-led-baklja\/"},"modified":"2026-02-25T00:01:19","modified_gmt":"2026-02-25T00:01:19","slug":"punjiva-litijeva-led-baklja","status":"publish","type":"product","link":"https:\/\/stoic-curie.212-227-153-4.plesk.page\/hr\/product\/punjiva-litijeva-led-baklja\/","title":{"rendered":"Punjiva litijeva LED baklja"},"content":{"rendered":"<p>Punjiva litijeva LED baklja &#8211; <\/p>\n<p>Kompaktna i lagana LED radna svjetiljka, IP65 vodootporna, s USB punjivom litijskom baterijom koja ima 5 sati autonomije. 360\u00b0 rotiraju\u0107a ruka opremljena LED lampicama ja\u010dine 100 lumena i prednjom LED lampom za savr\u0161eno osvjetljavanje bilo kojeg radnog prostora. S magnetskom glavom i kukicama za idealno pozicioniranje tijekom rada.<\/p>\n","protected":false},"excerpt":{"rendered":"<p>Punjiva litijeva LED baklja &#8211; Kompaktna i lagana LED radna svjetiljka, IP65 vodootporna, s USB punjivom litijskom baterijom koja ima<\/p>\n","protected":false},"featured_media":5947873,"comment_status":"closed","ping_status":"closed","template":"","meta":[],"product_brand":[3221],"product_cat":[1738],"product_tag":[],"class_list":{"0":"post-3692804","1":"product","2":"type-product","3":"status-publish","4":"has-post-thumbnail","6":"product_brand-oceanled-hr","7":"product_cat-prijenosne-baklje","9":"first","10":"instock","11":"shipping-taxable","12":"purchasable","13":"product-type-simple"},"_links":{"self":[{"href":"https:\/\/stoic-curie.212-227-153-4.plesk.page\/hr\/wp-json\/wp\/v2\/product\/3692804","targetHints":{"allow":["GET"]}}],"collection":[{"href":"https:\/\/stoic-curie.212-227-153-4.plesk.page\/hr\/wp-json\/wp\/v2\/product"}],"about":[{"href":"https:\/\/stoic-curie.212-227-153-4.plesk.page\/hr\/wp-json\/wp\/v2\/types\/product"}],"replies":[{"embeddable":true,"href":"https:\/\/stoic-curie.212-227-153-4.plesk.page\/hr\/wp-json\/wp\/v2\/comments?post=3692804"}],"version-history":[{"count":0,"href":"https:\/\/stoic-curie.212-227-153-4.plesk.page\/hr\/wp-json\/wp\/v2\/product\/3692804\/revisions"}],"wp:featuredmedia":[{"embeddable":true,"href":"https:\/\/stoic-curie.212-227-153-4.plesk.page\/hr\/wp-json\/wp\/v2\/media\/5947873"}],"wp:attachment":[{"href":"https:\/\/stoic-curie.212-227-153-4.plesk.page\/hr\/wp-json\/wp\/v2\/media?parent=3692804"}],"wp:term":[{"taxonomy":"product_brand","embeddable":true,"href":"https:\/\/stoic-curie.212-227-153-4.plesk.page\/hr\/wp-json\/wp\/v2\/product_brand?post=3692804"},{"taxonomy":"product_cat","embeddable":true,"href":"https:\/\/stoic-curie.212-227-153-4.plesk.page\/hr\/wp-json\/wp\/v2\/product_cat?post=3692804"},{"taxonomy":"product_tag","embeddable":true,"href":"https:\/\/stoic-curie.212-227-153-4.plesk.page\/hr\/wp-json\/wp\/v2\/product_tag?post=3692804"}],"curies":[{"name":"wp","href":"https:\/\/api.w.org\/{rel}","templated":true}]}}