{"id":3692812,"date":"2025-10-13T13:52:39","date_gmt":"2025-10-13T17:52:39","guid":{"rendered":"https:\/\/stoic-curie.212-227-153-4.plesk.page\/product\/bijelo-led-svjetlo-72mm-toplo-svjetlo\/"},"modified":"2026-02-25T00:01:19","modified_gmt":"2026-02-25T00:01:19","slug":"bijelo-led-svjetlo-72mm-toplo-svjetlo","status":"publish","type":"product","link":"https:\/\/stoic-curie.212-227-153-4.plesk.page\/hr\/product\/bijelo-led-svjetlo-72mm-toplo-svjetlo\/","title":{"rendered":"Bijelo LED svjetlo 72mm toplo svjetlo"},"content":{"rendered":"<p>Bijelo LED svjetlo 72mm toplo svjetlo &#8211; <\/p>\n<p>Plasti\u010dno tijelo, povr\u0161inski montirana 12V LED cockpit svjetla, IP67 vodootporna. Tanki dizajn s smanjenom potro\u0161njom od 2,2W. Topla bijela svjetlost od 3000 K\u00c2\u00b0.<\/p>\n","protected":false},"excerpt":{"rendered":"<p>Bijelo LED svjetlo 72mm toplo svjetlo &#8211; Plasti\u010dno tijelo, povr\u0161inski montirana 12V LED cockpit svjetla, IP67 vodootporna. Tanki dizajn s<\/p>\n","protected":false},"featured_media":5947885,"comment_status":"closed","ping_status":"closed","template":"","meta":[],"product_brand":[3221],"product_cat":[1739],"product_tag":[],"class_list":{"0":"post-3692812","1":"product","2":"type-product","3":"status-publish","4":"has-post-thumbnail","6":"product_brand-oceanled-hr","7":"product_cat-rasvjeta","9":"first","10":"instock","11":"shipping-taxable","12":"purchasable","13":"product-type-simple"},"_links":{"self":[{"href":"https:\/\/stoic-curie.212-227-153-4.plesk.page\/hr\/wp-json\/wp\/v2\/product\/3692812","targetHints":{"allow":["GET"]}}],"collection":[{"href":"https:\/\/stoic-curie.212-227-153-4.plesk.page\/hr\/wp-json\/wp\/v2\/product"}],"about":[{"href":"https:\/\/stoic-curie.212-227-153-4.plesk.page\/hr\/wp-json\/wp\/v2\/types\/product"}],"replies":[{"embeddable":true,"href":"https:\/\/stoic-curie.212-227-153-4.plesk.page\/hr\/wp-json\/wp\/v2\/comments?post=3692812"}],"version-history":[{"count":0,"href":"https:\/\/stoic-curie.212-227-153-4.plesk.page\/hr\/wp-json\/wp\/v2\/product\/3692812\/revisions"}],"wp:featuredmedia":[{"embeddable":true,"href":"https:\/\/stoic-curie.212-227-153-4.plesk.page\/hr\/wp-json\/wp\/v2\/media\/5947885"}],"wp:attachment":[{"href":"https:\/\/stoic-curie.212-227-153-4.plesk.page\/hr\/wp-json\/wp\/v2\/media?parent=3692812"}],"wp:term":[{"taxonomy":"product_brand","embeddable":true,"href":"https:\/\/stoic-curie.212-227-153-4.plesk.page\/hr\/wp-json\/wp\/v2\/product_brand?post=3692812"},{"taxonomy":"product_cat","embeddable":true,"href":"https:\/\/stoic-curie.212-227-153-4.plesk.page\/hr\/wp-json\/wp\/v2\/product_cat?post=3692812"},{"taxonomy":"product_tag","embeddable":true,"href":"https:\/\/stoic-curie.212-227-153-4.plesk.page\/hr\/wp-json\/wp\/v2\/product_tag?post=3692812"}],"curies":[{"name":"wp","href":"https:\/\/api.w.org\/{rel}","templated":true}]}}