{"id":3692816,"date":"2025-10-13T13:52:40","date_gmt":"2025-10-13T17:52:40","guid":{"rendered":"https:\/\/stoic-curie.212-227-153-4.plesk.page\/product\/elipticno-led-ambijentalno-svjetlo-86-x-31mm-plavo\/"},"modified":"2026-02-25T00:01:19","modified_gmt":"2026-02-25T00:01:19","slug":"elipticno-led-ambijentalno-svjetlo-86-x-31mm-plavo","status":"publish","type":"product","link":"https:\/\/stoic-curie.212-227-153-4.plesk.page\/hr\/product\/elipticno-led-ambijentalno-svjetlo-86-x-31mm-plavo\/","title":{"rendered":"Elipticno LED ambijentalno svjetlo 86 x 31mm plavo"},"content":{"rendered":"<p>Elipticno LED ambijentalno svjetlo 86 x 31mm plavo &#8211; <\/p>\n<p>Ugradna LED svjetiljka od nehr\u0111aju\u0107eg \u010delika IP67 otporna na vodu. Smanjena potro\u0161nja od 0,2W. Bijela dnevna svjetlost od 4500 K\u00c2\u00b0.<\/p>\n","protected":false},"excerpt":{"rendered":"<p>Elipticno LED ambijentalno svjetlo 86 x 31mm plavo &#8211; Ugradna LED svjetiljka od nehr\u0111aju\u0107eg \u010delika IP67 otporna na vodu. Smanjena<\/p>\n","protected":false},"featured_media":5947894,"comment_status":"closed","ping_status":"closed","template":"","meta":[],"product_brand":[3221],"product_cat":[1730],"product_tag":[],"class_list":{"0":"post-3692816","1":"product","2":"type-product","3":"status-publish","4":"has-post-thumbnail","6":"product_brand-oceanled-hr","7":"product_cat-dekorativna-rasvjeta","9":"first","10":"instock","11":"shipping-taxable","12":"purchasable","13":"product-type-simple"},"_links":{"self":[{"href":"https:\/\/stoic-curie.212-227-153-4.plesk.page\/hr\/wp-json\/wp\/v2\/product\/3692816","targetHints":{"allow":["GET"]}}],"collection":[{"href":"https:\/\/stoic-curie.212-227-153-4.plesk.page\/hr\/wp-json\/wp\/v2\/product"}],"about":[{"href":"https:\/\/stoic-curie.212-227-153-4.plesk.page\/hr\/wp-json\/wp\/v2\/types\/product"}],"replies":[{"embeddable":true,"href":"https:\/\/stoic-curie.212-227-153-4.plesk.page\/hr\/wp-json\/wp\/v2\/comments?post=3692816"}],"version-history":[{"count":0,"href":"https:\/\/stoic-curie.212-227-153-4.plesk.page\/hr\/wp-json\/wp\/v2\/product\/3692816\/revisions"}],"wp:featuredmedia":[{"embeddable":true,"href":"https:\/\/stoic-curie.212-227-153-4.plesk.page\/hr\/wp-json\/wp\/v2\/media\/5947894"}],"wp:attachment":[{"href":"https:\/\/stoic-curie.212-227-153-4.plesk.page\/hr\/wp-json\/wp\/v2\/media?parent=3692816"}],"wp:term":[{"taxonomy":"product_brand","embeddable":true,"href":"https:\/\/stoic-curie.212-227-153-4.plesk.page\/hr\/wp-json\/wp\/v2\/product_brand?post=3692816"},{"taxonomy":"product_cat","embeddable":true,"href":"https:\/\/stoic-curie.212-227-153-4.plesk.page\/hr\/wp-json\/wp\/v2\/product_cat?post=3692816"},{"taxonomy":"product_tag","embeddable":true,"href":"https:\/\/stoic-curie.212-227-153-4.plesk.page\/hr\/wp-json\/wp\/v2\/product_tag?post=3692816"}],"curies":[{"name":"wp","href":"https:\/\/api.w.org\/{rel}","templated":true}]}}