{"id":3692817,"date":"2025-10-13T13:52:40","date_gmt":"2025-10-13T17:52:40","guid":{"rendered":"https:\/\/stoic-curie.212-227-153-4.plesk.page\/product\/ellipticno-led-ambijentalno-svjetlo-73-x-38mm-hladno-bijelo\/"},"modified":"2026-02-25T00:01:19","modified_gmt":"2026-02-25T00:01:19","slug":"ellipticno-led-ambijentalno-svjetlo-73-x-38mm-hladno-bijelo","status":"publish","type":"product","link":"https:\/\/stoic-curie.212-227-153-4.plesk.page\/hr\/product\/ellipticno-led-ambijentalno-svjetlo-73-x-38mm-hladno-bijelo\/","title":{"rendered":"Ellipti\u010dno LED ambijentalno svjetlo 73 x 38mm Hladno bijelo"},"content":{"rendered":"<p>Ellipti\u010dno LED ambijentalno svjetlo 73 x 38mm Hladno bijelo &#8211; <\/p>\n<p>LED svjetlo za dobrodo\u0161licu od nehr\u0111aju\u0107eg \u010delika, montirano na povr\u0161inu, vodootporno IP67, 12V. Tanak dizajn s smanjenom potro\u0161njom od 1,2W. 6000 K\u00c2\u00b0 hladna bijela svjetlost.<\/p>\n","protected":false},"excerpt":{"rendered":"<p>Ellipti\u010dno LED ambijentalno svjetlo 73 x 38mm Hladno bijelo &#8211; LED svjetlo za dobrodo\u0161licu od nehr\u0111aju\u0107eg \u010delika, montirano na povr\u0161inu,<\/p>\n","protected":false},"featured_media":5947898,"comment_status":"closed","ping_status":"closed","template":"","meta":[],"product_brand":[3221],"product_cat":[1730],"product_tag":[],"class_list":{"0":"post-3692817","1":"product","2":"type-product","3":"status-publish","4":"has-post-thumbnail","6":"product_brand-oceanled-hr","7":"product_cat-dekorativna-rasvjeta","9":"first","10":"instock","11":"shipping-taxable","12":"purchasable","13":"product-type-simple"},"_links":{"self":[{"href":"https:\/\/stoic-curie.212-227-153-4.plesk.page\/hr\/wp-json\/wp\/v2\/product\/3692817","targetHints":{"allow":["GET"]}}],"collection":[{"href":"https:\/\/stoic-curie.212-227-153-4.plesk.page\/hr\/wp-json\/wp\/v2\/product"}],"about":[{"href":"https:\/\/stoic-curie.212-227-153-4.plesk.page\/hr\/wp-json\/wp\/v2\/types\/product"}],"replies":[{"embeddable":true,"href":"https:\/\/stoic-curie.212-227-153-4.plesk.page\/hr\/wp-json\/wp\/v2\/comments?post=3692817"}],"version-history":[{"count":0,"href":"https:\/\/stoic-curie.212-227-153-4.plesk.page\/hr\/wp-json\/wp\/v2\/product\/3692817\/revisions"}],"wp:featuredmedia":[{"embeddable":true,"href":"https:\/\/stoic-curie.212-227-153-4.plesk.page\/hr\/wp-json\/wp\/v2\/media\/5947898"}],"wp:attachment":[{"href":"https:\/\/stoic-curie.212-227-153-4.plesk.page\/hr\/wp-json\/wp\/v2\/media?parent=3692817"}],"wp:term":[{"taxonomy":"product_brand","embeddable":true,"href":"https:\/\/stoic-curie.212-227-153-4.plesk.page\/hr\/wp-json\/wp\/v2\/product_brand?post=3692817"},{"taxonomy":"product_cat","embeddable":true,"href":"https:\/\/stoic-curie.212-227-153-4.plesk.page\/hr\/wp-json\/wp\/v2\/product_cat?post=3692817"},{"taxonomy":"product_tag","embeddable":true,"href":"https:\/\/stoic-curie.212-227-153-4.plesk.page\/hr\/wp-json\/wp\/v2\/product_tag?post=3692817"}],"curies":[{"name":"wp","href":"https:\/\/api.w.org\/{rel}","templated":true}]}}