{"id":3692821,"date":"2025-10-13T13:52:41","date_gmt":"2025-10-13T17:52:41","guid":{"rendered":"https:\/\/stoic-curie.212-227-153-4.plesk.page\/product\/uvuceno-led-dekorativno-svjetlo-39-mm-dnevno-svjetlo\/"},"modified":"2026-02-25T00:01:19","modified_gmt":"2026-02-25T00:01:19","slug":"uvuceno-led-dekorativno-svjetlo-39-mm-dnevno-svjetlo","status":"publish","type":"product","link":"https:\/\/stoic-curie.212-227-153-4.plesk.page\/hr\/product\/uvuceno-led-dekorativno-svjetlo-39-mm-dnevno-svjetlo\/","title":{"rendered":"Uvu\u010deno LED dekorativno svjetlo 39 mm dnevno svjetlo"},"content":{"rendered":"<p>Uvu\u010deno LED dekorativno svjetlo 39 mm dnevno svjetlo &#8211; <\/p>\n<p>Flush-mount LED svjetla od te\u010dnoplastike. Prirodna bijela ili plava svjetlost, nizak potro\u0161nja i dug \u017eivotni vijek.<\/p>\n","protected":false},"excerpt":{"rendered":"<p>Uvu\u010deno LED dekorativno svjetlo 39 mm dnevno svjetlo &#8211; Flush-mount LED svjetla od te\u010dnoplastike. Prirodna bijela ili plava svjetlost, nizak<\/p>\n","protected":false},"featured_media":5947905,"comment_status":"closed","ping_status":"closed","template":"","meta":[],"product_brand":[3221],"product_cat":[1730],"product_tag":[],"class_list":{"0":"post-3692821","1":"product","2":"type-product","3":"status-publish","4":"has-post-thumbnail","6":"product_brand-oceanled-hr","7":"product_cat-dekorativna-rasvjeta","9":"first","10":"instock","11":"shipping-taxable","12":"purchasable","13":"product-type-simple"},"_links":{"self":[{"href":"https:\/\/stoic-curie.212-227-153-4.plesk.page\/hr\/wp-json\/wp\/v2\/product\/3692821","targetHints":{"allow":["GET"]}}],"collection":[{"href":"https:\/\/stoic-curie.212-227-153-4.plesk.page\/hr\/wp-json\/wp\/v2\/product"}],"about":[{"href":"https:\/\/stoic-curie.212-227-153-4.plesk.page\/hr\/wp-json\/wp\/v2\/types\/product"}],"replies":[{"embeddable":true,"href":"https:\/\/stoic-curie.212-227-153-4.plesk.page\/hr\/wp-json\/wp\/v2\/comments?post=3692821"}],"version-history":[{"count":0,"href":"https:\/\/stoic-curie.212-227-153-4.plesk.page\/hr\/wp-json\/wp\/v2\/product\/3692821\/revisions"}],"wp:featuredmedia":[{"embeddable":true,"href":"https:\/\/stoic-curie.212-227-153-4.plesk.page\/hr\/wp-json\/wp\/v2\/media\/5947905"}],"wp:attachment":[{"href":"https:\/\/stoic-curie.212-227-153-4.plesk.page\/hr\/wp-json\/wp\/v2\/media?parent=3692821"}],"wp:term":[{"taxonomy":"product_brand","embeddable":true,"href":"https:\/\/stoic-curie.212-227-153-4.plesk.page\/hr\/wp-json\/wp\/v2\/product_brand?post=3692821"},{"taxonomy":"product_cat","embeddable":true,"href":"https:\/\/stoic-curie.212-227-153-4.plesk.page\/hr\/wp-json\/wp\/v2\/product_cat?post=3692821"},{"taxonomy":"product_tag","embeddable":true,"href":"https:\/\/stoic-curie.212-227-153-4.plesk.page\/hr\/wp-json\/wp\/v2\/product_tag?post=3692821"}],"curies":[{"name":"wp","href":"https:\/\/api.w.org\/{rel}","templated":true}]}}