{"id":3692824,"date":"2025-10-13T13:52:42","date_gmt":"2025-10-13T17:52:42","guid":{"rendered":"https:\/\/stoic-curie.212-227-153-4.plesk.page\/product\/led-ambijentalno-svjetlo-33mm-plava\/"},"modified":"2026-02-25T00:01:19","modified_gmt":"2026-02-25T00:01:19","slug":"led-ambijentalno-svjetlo-33mm-plava","status":"publish","type":"product","link":"https:\/\/stoic-curie.212-227-153-4.plesk.page\/hr\/product\/led-ambijentalno-svjetlo-33mm-plava\/","title":{"rendered":"LED ambijentalno svjetlo 33mm plava"},"content":{"rendered":"<p>LED ambijentalno svjetlo 33mm plava &#8211; <\/p>\n<p>Flush-mount tehni\u010dki polimer s ku\u0107i\u0161tem od nehr\u0111aju\u0107eg \u010delika, LED ugradna svjetla. Prirodna bijela ili plava svjetlost, niska potro\u0161nja i dugi vijek trajanja.<\/p>\n","protected":false},"excerpt":{"rendered":"<p>LED ambijentalno svjetlo 33mm plava &#8211; Flush-mount tehni\u010dki polimer s ku\u0107i\u0161tem od nehr\u0111aju\u0107eg \u010delika, LED ugradna svjetla. Prirodna bijela ili<\/p>\n","protected":false},"featured_media":5947909,"comment_status":"closed","ping_status":"closed","template":"","meta":[],"product_brand":[3221],"product_cat":[1730],"product_tag":[],"class_list":{"0":"post-3692824","1":"product","2":"type-product","3":"status-publish","4":"has-post-thumbnail","6":"product_brand-oceanled-hr","7":"product_cat-dekorativna-rasvjeta","9":"first","10":"instock","11":"shipping-taxable","12":"purchasable","13":"product-type-simple"},"_links":{"self":[{"href":"https:\/\/stoic-curie.212-227-153-4.plesk.page\/hr\/wp-json\/wp\/v2\/product\/3692824","targetHints":{"allow":["GET"]}}],"collection":[{"href":"https:\/\/stoic-curie.212-227-153-4.plesk.page\/hr\/wp-json\/wp\/v2\/product"}],"about":[{"href":"https:\/\/stoic-curie.212-227-153-4.plesk.page\/hr\/wp-json\/wp\/v2\/types\/product"}],"replies":[{"embeddable":true,"href":"https:\/\/stoic-curie.212-227-153-4.plesk.page\/hr\/wp-json\/wp\/v2\/comments?post=3692824"}],"version-history":[{"count":0,"href":"https:\/\/stoic-curie.212-227-153-4.plesk.page\/hr\/wp-json\/wp\/v2\/product\/3692824\/revisions"}],"wp:featuredmedia":[{"embeddable":true,"href":"https:\/\/stoic-curie.212-227-153-4.plesk.page\/hr\/wp-json\/wp\/v2\/media\/5947909"}],"wp:attachment":[{"href":"https:\/\/stoic-curie.212-227-153-4.plesk.page\/hr\/wp-json\/wp\/v2\/media?parent=3692824"}],"wp:term":[{"taxonomy":"product_brand","embeddable":true,"href":"https:\/\/stoic-curie.212-227-153-4.plesk.page\/hr\/wp-json\/wp\/v2\/product_brand?post=3692824"},{"taxonomy":"product_cat","embeddable":true,"href":"https:\/\/stoic-curie.212-227-153-4.plesk.page\/hr\/wp-json\/wp\/v2\/product_cat?post=3692824"},{"taxonomy":"product_tag","embeddable":true,"href":"https:\/\/stoic-curie.212-227-153-4.plesk.page\/hr\/wp-json\/wp\/v2\/product_tag?post=3692824"}],"curies":[{"name":"wp","href":"https:\/\/api.w.org\/{rel}","templated":true}]}}