{"id":3692841,"date":"2025-10-13T13:52:47","date_gmt":"2025-10-13T17:52:47","guid":{"rendered":"https:\/\/stoic-curie.212-227-153-4.plesk.page\/product\/sestar-za-navigacijske-karte-200mm\/"},"modified":"2026-02-25T00:01:19","modified_gmt":"2026-02-25T00:01:19","slug":"sestar-za-navigacijske-karte-200mm","status":"publish","type":"product","link":"https:\/\/stoic-curie.212-227-153-4.plesk.page\/hr\/product\/sestar-za-navigacijske-karte-200mm\/","title":{"rendered":"\u0160estar za navigacijske karte 200mm"},"content":{"rendered":"<p>\u0160estar za navigacijske karte 200mm &#8211; <\/p>\n<p>Elegantan polirani mesingani razdjelnik sa vrhovima od nehr\u0111aju\u0107eg \u010delika, savr\u0161en za plotiranje dijagrama.<\/p>\n","protected":false},"excerpt":{"rendered":"<p>\u0160estar za navigacijske karte 200mm &#8211; Elegantan polirani mesingani razdjelnik sa vrhovima od nehr\u0111aju\u0107eg \u010delika, savr\u0161en za plotiranje dijagrama.<\/p>\n","protected":false},"featured_media":5947942,"comment_status":"closed","ping_status":"closed","template":"","meta":[],"product_brand":[2876],"product_cat":[1774],"product_tag":[],"class_list":{"0":"post-3692841","1":"product","2":"type-product","3":"status-publish","4":"has-post-thumbnail","6":"product_brand-davis-hr","7":"product_cat-alati-i-instrumenti-za-navigacijske-karte","9":"first","10":"instock","11":"shipping-taxable","12":"purchasable","13":"product-type-simple"},"_links":{"self":[{"href":"https:\/\/stoic-curie.212-227-153-4.plesk.page\/hr\/wp-json\/wp\/v2\/product\/3692841","targetHints":{"allow":["GET"]}}],"collection":[{"href":"https:\/\/stoic-curie.212-227-153-4.plesk.page\/hr\/wp-json\/wp\/v2\/product"}],"about":[{"href":"https:\/\/stoic-curie.212-227-153-4.plesk.page\/hr\/wp-json\/wp\/v2\/types\/product"}],"replies":[{"embeddable":true,"href":"https:\/\/stoic-curie.212-227-153-4.plesk.page\/hr\/wp-json\/wp\/v2\/comments?post=3692841"}],"version-history":[{"count":0,"href":"https:\/\/stoic-curie.212-227-153-4.plesk.page\/hr\/wp-json\/wp\/v2\/product\/3692841\/revisions"}],"wp:featuredmedia":[{"embeddable":true,"href":"https:\/\/stoic-curie.212-227-153-4.plesk.page\/hr\/wp-json\/wp\/v2\/media\/5947942"}],"wp:attachment":[{"href":"https:\/\/stoic-curie.212-227-153-4.plesk.page\/hr\/wp-json\/wp\/v2\/media?parent=3692841"}],"wp:term":[{"taxonomy":"product_brand","embeddable":true,"href":"https:\/\/stoic-curie.212-227-153-4.plesk.page\/hr\/wp-json\/wp\/v2\/product_brand?post=3692841"},{"taxonomy":"product_cat","embeddable":true,"href":"https:\/\/stoic-curie.212-227-153-4.plesk.page\/hr\/wp-json\/wp\/v2\/product_cat?post=3692841"},{"taxonomy":"product_tag","embeddable":true,"href":"https:\/\/stoic-curie.212-227-153-4.plesk.page\/hr\/wp-json\/wp\/v2\/product_tag?post=3692841"}],"curies":[{"name":"wp","href":"https:\/\/api.w.org\/{rel}","templated":true}]}}