{"id":3692843,"date":"2025-10-13T13:52:48","date_gmt":"2025-10-13T17:52:48","guid":{"rendered":"https:\/\/stoic-curie.212-227-153-4.plesk.page\/product\/rezervna-kapa-za-riviera-pegasus-3-bp1\/"},"modified":"2026-02-25T00:01:19","modified_gmt":"2026-02-25T00:01:19","slug":"rezervna-kapa-za-riviera-pegasus-3-bp1","status":"publish","type":"product","link":"https:\/\/stoic-curie.212-227-153-4.plesk.page\/hr\/product\/rezervna-kapa-za-riviera-pegasus-3-bp1\/","title":{"rendered":"Rezervna kapa za Riviera Pegasus 3-bp1"},"content":{"rendered":"<p>Rezervna kapa za Riviera Pegasus 3-bp1 &#8211; <\/p>\n<p>Pegasus BP1 kompas za brodsku monta\u017eu za jedrilice. S unutarnjim gimballom i ugra\u0111enim kompenzacijskim magnetima. Uklju\u010duje klinometar i LED osvjetljenje 12\/24V. Prednji prikaz s 5\u00b0 razdijeljenom rozetom s promjerom od 3&#8243; (80 mm).<\/p>\n","protected":false},"excerpt":{"rendered":"<p>Rezervna kapa za Riviera Pegasus 3-bp1 &#8211; Pegasus BP1 kompas za brodsku monta\u017eu za jedrilice. S unutarnjim gimballom i ugra\u0111enim<\/p>\n","protected":false},"featured_media":5947951,"comment_status":"closed","ping_status":"closed","template":"","meta":[],"product_brand":[3306],"product_cat":[1780],"product_tag":[],"class_list":{"0":"post-3692843","1":"product","2":"type-product","3":"status-publish","4":"has-post-thumbnail","6":"product_brand-riviera-hr","7":"product_cat-navigacijski-kompas","9":"first","10":"instock","11":"shipping-taxable","12":"purchasable","13":"product-type-simple"},"_links":{"self":[{"href":"https:\/\/stoic-curie.212-227-153-4.plesk.page\/hr\/wp-json\/wp\/v2\/product\/3692843","targetHints":{"allow":["GET"]}}],"collection":[{"href":"https:\/\/stoic-curie.212-227-153-4.plesk.page\/hr\/wp-json\/wp\/v2\/product"}],"about":[{"href":"https:\/\/stoic-curie.212-227-153-4.plesk.page\/hr\/wp-json\/wp\/v2\/types\/product"}],"replies":[{"embeddable":true,"href":"https:\/\/stoic-curie.212-227-153-4.plesk.page\/hr\/wp-json\/wp\/v2\/comments?post=3692843"}],"version-history":[{"count":0,"href":"https:\/\/stoic-curie.212-227-153-4.plesk.page\/hr\/wp-json\/wp\/v2\/product\/3692843\/revisions"}],"wp:featuredmedia":[{"embeddable":true,"href":"https:\/\/stoic-curie.212-227-153-4.plesk.page\/hr\/wp-json\/wp\/v2\/media\/5947951"}],"wp:attachment":[{"href":"https:\/\/stoic-curie.212-227-153-4.plesk.page\/hr\/wp-json\/wp\/v2\/media?parent=3692843"}],"wp:term":[{"taxonomy":"product_brand","embeddable":true,"href":"https:\/\/stoic-curie.212-227-153-4.plesk.page\/hr\/wp-json\/wp\/v2\/product_brand?post=3692843"},{"taxonomy":"product_cat","embeddable":true,"href":"https:\/\/stoic-curie.212-227-153-4.plesk.page\/hr\/wp-json\/wp\/v2\/product_cat?post=3692843"},{"taxonomy":"product_tag","embeddable":true,"href":"https:\/\/stoic-curie.212-227-153-4.plesk.page\/hr\/wp-json\/wp\/v2\/product_tag?post=3692843"}],"curies":[{"name":"wp","href":"https:\/\/api.w.org\/{rel}","templated":true}]}}