{"id":3692845,"date":"2025-10-13T13:52:48","date_gmt":"2025-10-13T17:52:48","guid":{"rendered":"https:\/\/stoic-curie.212-227-153-4.plesk.page\/product\/trim-mjerac-ecms-crno-kromirano-0-190-ohm-52mm\/"},"modified":"2026-02-25T00:01:19","modified_gmt":"2026-02-25T00:01:19","slug":"trim-mjerac-ecms-crno-kromirano-0-190-ohm-52mm","status":"publish","type":"product","link":"https:\/\/stoic-curie.212-227-153-4.plesk.page\/hr\/product\/trim-mjerac-ecms-crno-kromirano-0-190-ohm-52mm\/","title":{"rendered":"Trim mjera\u010d ECMS crno-kromirano 0-190 Ohm 52mm"},"content":{"rendered":"<p>Trim mjera\u010d ECMS crno-kromirano 0-190 Ohm 52mm &#8211; <\/p>\n<p>Ecms Black Chrome 12\/24V mjera\u010di s priklju\u010denim Molex konektorom. Polirani nehr\u0111aju\u0107i \u010delik i crna broj\u010danik. Vodootporna IP67 za\u0161ti\u0107ena konveksna le\u0107a otporna na maglu. Prilagodljivi vi\u0161ebojni LED pozadinsko osvjetljen broj\u010danik. Mjera\u010di razine mogu se postaviti na bilo koju vrijednost impedancije pomo\u0107u stra\u017enjeg konfiguracijskog gumba. Ve\u0107 su prethodno postavljeni na standardnu vrijednost 0-190 Ohm. Mjera\u010di tlaka ulja od 5 i 10 bara kompatibilni su s standardnim senzorima (10-180 Ohm), dok je 30-bar samo kompatibilan s elektroni\u010dkim senzorima (0,5-4,5V). Ampermetri dolaze s senzorom (shunt) za mjerenje struje.<\/p>\n","protected":false},"excerpt":{"rendered":"<p>Trim mjera\u010d ECMS crno-kromirano 0-190 Ohm 52mm &#8211; Ecms Black Chrome 12\/24V mjera\u010di s priklju\u010denim Molex konektorom. Polirani nehr\u0111aju\u0107i \u010delik<\/p>\n","protected":false},"featured_media":5947959,"comment_status":"closed","ping_status":"closed","template":"","meta":[],"product_brand":[2911],"product_cat":[1811],"product_tag":[],"class_list":{"0":"post-3692845","1":"product","2":"type-product","3":"status-publish","4":"has-post-thumbnail","6":"product_brand-ecms-marine-hr","7":"product_cat-brodski-mjerni-instrumenti-ecms-a","9":"first","10":"instock","11":"shipping-taxable","12":"purchasable","13":"product-type-simple"},"_links":{"self":[{"href":"https:\/\/stoic-curie.212-227-153-4.plesk.page\/hr\/wp-json\/wp\/v2\/product\/3692845","targetHints":{"allow":["GET"]}}],"collection":[{"href":"https:\/\/stoic-curie.212-227-153-4.plesk.page\/hr\/wp-json\/wp\/v2\/product"}],"about":[{"href":"https:\/\/stoic-curie.212-227-153-4.plesk.page\/hr\/wp-json\/wp\/v2\/types\/product"}],"replies":[{"embeddable":true,"href":"https:\/\/stoic-curie.212-227-153-4.plesk.page\/hr\/wp-json\/wp\/v2\/comments?post=3692845"}],"version-history":[{"count":0,"href":"https:\/\/stoic-curie.212-227-153-4.plesk.page\/hr\/wp-json\/wp\/v2\/product\/3692845\/revisions"}],"wp:featuredmedia":[{"embeddable":true,"href":"https:\/\/stoic-curie.212-227-153-4.plesk.page\/hr\/wp-json\/wp\/v2\/media\/5947959"}],"wp:attachment":[{"href":"https:\/\/stoic-curie.212-227-153-4.plesk.page\/hr\/wp-json\/wp\/v2\/media?parent=3692845"}],"wp:term":[{"taxonomy":"product_brand","embeddable":true,"href":"https:\/\/stoic-curie.212-227-153-4.plesk.page\/hr\/wp-json\/wp\/v2\/product_brand?post=3692845"},{"taxonomy":"product_cat","embeddable":true,"href":"https:\/\/stoic-curie.212-227-153-4.plesk.page\/hr\/wp-json\/wp\/v2\/product_cat?post=3692845"},{"taxonomy":"product_tag","embeddable":true,"href":"https:\/\/stoic-curie.212-227-153-4.plesk.page\/hr\/wp-json\/wp\/v2\/product_tag?post=3692845"}],"curies":[{"name":"wp","href":"https:\/\/api.w.org\/{rel}","templated":true}]}}