{"id":3692854,"date":"2025-10-13T13:52:49","date_gmt":"2025-10-13T17:52:49","guid":{"rendered":"https:\/\/stoic-curie.212-227-153-4.plesk.page\/product\/adapterski-kabel-garmin-td-8-pin-na-eco-4-pin\/"},"modified":"2026-02-25T00:01:19","modified_gmt":"2026-02-25T00:01:19","slug":"adapterski-kabel-garmin-td-8-pin-na-eco-4-pin","status":"publish","type":"product","link":"https:\/\/stoic-curie.212-227-153-4.plesk.page\/hr\/product\/adapterski-kabel-garmin-td-8-pin-na-eco-4-pin\/","title":{"rendered":"Adapterski kabel Garmin TD 8 pin na Eco 4 pin"},"content":{"rendered":"<p>Adapterski kabel Garmin TD 8 pin na Eco 4 pin &#8211; <\/p>\n<p>Garmin echoMAP UHD2 72CV chartplotter\/ribolovni sonar s 7&#8243;\/800&#215;480 piksela zaslonom osjetljivim na dodir, integriranim tipkovnicom i unutarnjim GPS prijemnikom. 500W integrirani CHIRP, ClearVu i UHD modul. Kompatibilan sa svim Garmin BlueChart i Garmin Navionics+ kartama, s integriranom be\u017ei\u010dnom povezivo\u0161\u0107u, NMEA0183\/2000 i Fusion-Link. Potpuno se integrira sa svim sustavima na brodu. Opremljen svim Garmin funkcijama, kao \u0161to su Auto Guidance, Active Captain, Sail Assist i Quickdraw Contours. Uklju\u010duje podesivi nosa\u010d i kabel za napajanje\/podatke. Kompatibilan sa svim tradicionalnim, All-in-One i UHD sonde, 4 Pin veze. Za 8 Pin sonde adapter kabel mora se kupiti odvojeno. TD = Sonda<\/p>\n","protected":false},"excerpt":{"rendered":"<p>Adapterski kabel Garmin TD 8 pin na Eco 4 pin &#8211; Garmin echoMAP UHD2 72CV chartplotter\/ribolovni sonar s 7&#8243;\/800&#215;480 piksela<\/p>\n","protected":false},"featured_media":5947991,"comment_status":"closed","ping_status":"closed","template":"","meta":[],"product_brand":[2971],"product_cat":[1744],"product_tag":[],"class_list":{"0":"post-3692854","1":"product","2":"type-product","3":"status-publish","4":"has-post-thumbnail","6":"product_brand-garmin-hr","7":"product_cat-brodska-elektronika","9":"first","10":"instock","11":"shipping-taxable","12":"purchasable","13":"product-type-simple"},"_links":{"self":[{"href":"https:\/\/stoic-curie.212-227-153-4.plesk.page\/hr\/wp-json\/wp\/v2\/product\/3692854","targetHints":{"allow":["GET"]}}],"collection":[{"href":"https:\/\/stoic-curie.212-227-153-4.plesk.page\/hr\/wp-json\/wp\/v2\/product"}],"about":[{"href":"https:\/\/stoic-curie.212-227-153-4.plesk.page\/hr\/wp-json\/wp\/v2\/types\/product"}],"replies":[{"embeddable":true,"href":"https:\/\/stoic-curie.212-227-153-4.plesk.page\/hr\/wp-json\/wp\/v2\/comments?post=3692854"}],"version-history":[{"count":0,"href":"https:\/\/stoic-curie.212-227-153-4.plesk.page\/hr\/wp-json\/wp\/v2\/product\/3692854\/revisions"}],"wp:featuredmedia":[{"embeddable":true,"href":"https:\/\/stoic-curie.212-227-153-4.plesk.page\/hr\/wp-json\/wp\/v2\/media\/5947991"}],"wp:attachment":[{"href":"https:\/\/stoic-curie.212-227-153-4.plesk.page\/hr\/wp-json\/wp\/v2\/media?parent=3692854"}],"wp:term":[{"taxonomy":"product_brand","embeddable":true,"href":"https:\/\/stoic-curie.212-227-153-4.plesk.page\/hr\/wp-json\/wp\/v2\/product_brand?post=3692854"},{"taxonomy":"product_cat","embeddable":true,"href":"https:\/\/stoic-curie.212-227-153-4.plesk.page\/hr\/wp-json\/wp\/v2\/product_cat?post=3692854"},{"taxonomy":"product_tag","embeddable":true,"href":"https:\/\/stoic-curie.212-227-153-4.plesk.page\/hr\/wp-json\/wp\/v2\/product_tag?post=3692854"}],"curies":[{"name":"wp","href":"https:\/\/api.w.org\/{rel}","templated":true}]}}