{"id":3692855,"date":"2025-10-13T13:52:50","date_gmt":"2025-10-13T17:52:50","guid":{"rendered":"https:\/\/stoic-curie.212-227-153-4.plesk.page\/product\/garmin-kabel-za-napajanje-i-podatke\/"},"modified":"2026-02-25T00:01:19","modified_gmt":"2026-02-25T00:01:19","slug":"garmin-kabel-za-napajanje-i-podatke","status":"publish","type":"product","link":"https:\/\/stoic-curie.212-227-153-4.plesk.page\/hr\/product\/garmin-kabel-za-napajanje-i-podatke\/","title":{"rendered":"Garmin kabel za napajanje i podatke"},"content":{"rendered":"<p>Garmin kabel za napajanje i podatke &#8211; <\/p>\n<p>Garmin echoMAP UHD2 92SV ribolovni karty\/plotter dolazi s 9&#8243;\/800&#215;480 piksela zaslonom osjetljivim na dodir, brzim tipkama i unutarnjim GPS prijemnikom. Integrirani CHIRP, ClearVu, SideVU i UHD modul snage 500W. Kompatibilan je sa svim Garmin BlueChart i Garmin Navionics+ kartografskim rje\u0161enjima, integriranom be\u017ei\u010dnom povezivo\u0161\u0107u, NMEA0183\/2000 i Fusion-Link-om. Potpuno se integrira sa svim brodskim sustavima. Opremite ga svim Garmin funkcijama, kao \u0161to su Auto Guidance, Active Captain, Sail Assist i Quickdraw Contours. Uklju\u010duje prilagodljivu nosa\u010d, pokriva\u010d zaslona i kabel za napajanje\/podatke. Kompatibilan sa svim tradicionalnim, All-in-One, Panoptix i UHD transducerima, 12-pin konekcijom. Model bez transducera isporu\u010duje se s adapter kabelom od 8-pina transduktora do 12-pinskog eco. TD = Transducer<\/p>\n","protected":false},"excerpt":{"rendered":"<p>Garmin kabel za napajanje i podatke &#8211; Garmin echoMAP UHD2 92SV ribolovni karty\/plotter dolazi s 9&#8243;\/800&#215;480 piksela zaslonom osjetljivim na<\/p>\n","protected":false},"featured_media":5947998,"comment_status":"closed","ping_status":"closed","template":"","meta":[],"product_brand":[2971],"product_cat":[1744],"product_tag":[],"class_list":{"0":"post-3692855","1":"product","2":"type-product","3":"status-publish","4":"has-post-thumbnail","6":"product_brand-garmin-hr","7":"product_cat-brodska-elektronika","9":"first","10":"instock","11":"shipping-taxable","12":"purchasable","13":"product-type-simple"},"_links":{"self":[{"href":"https:\/\/stoic-curie.212-227-153-4.plesk.page\/hr\/wp-json\/wp\/v2\/product\/3692855","targetHints":{"allow":["GET"]}}],"collection":[{"href":"https:\/\/stoic-curie.212-227-153-4.plesk.page\/hr\/wp-json\/wp\/v2\/product"}],"about":[{"href":"https:\/\/stoic-curie.212-227-153-4.plesk.page\/hr\/wp-json\/wp\/v2\/types\/product"}],"replies":[{"embeddable":true,"href":"https:\/\/stoic-curie.212-227-153-4.plesk.page\/hr\/wp-json\/wp\/v2\/comments?post=3692855"}],"version-history":[{"count":0,"href":"https:\/\/stoic-curie.212-227-153-4.plesk.page\/hr\/wp-json\/wp\/v2\/product\/3692855\/revisions"}],"wp:featuredmedia":[{"embeddable":true,"href":"https:\/\/stoic-curie.212-227-153-4.plesk.page\/hr\/wp-json\/wp\/v2\/media\/5947998"}],"wp:attachment":[{"href":"https:\/\/stoic-curie.212-227-153-4.plesk.page\/hr\/wp-json\/wp\/v2\/media?parent=3692855"}],"wp:term":[{"taxonomy":"product_brand","embeddable":true,"href":"https:\/\/stoic-curie.212-227-153-4.plesk.page\/hr\/wp-json\/wp\/v2\/product_brand?post=3692855"},{"taxonomy":"product_cat","embeddable":true,"href":"https:\/\/stoic-curie.212-227-153-4.plesk.page\/hr\/wp-json\/wp\/v2\/product_cat?post=3692855"},{"taxonomy":"product_tag","embeddable":true,"href":"https:\/\/stoic-curie.212-227-153-4.plesk.page\/hr\/wp-json\/wp\/v2\/product_tag?post=3692855"}],"curies":[{"name":"wp","href":"https:\/\/api.w.org\/{rel}","templated":true}]}}