{"id":3692864,"date":"2025-10-13T13:52:51","date_gmt":"2025-10-13T17:52:51","guid":{"rendered":"https:\/\/stoic-curie.212-227-153-4.plesk.page\/product\/glomex-v9147\/"},"modified":"2026-02-25T00:01:19","modified_gmt":"2026-02-25T00:01:19","slug":"glomex-v9147","status":"publish","type":"product","link":"https:\/\/stoic-curie.212-227-153-4.plesk.page\/hr\/product\/glomex-v9147\/","title":{"rendered":"Glomex V9147"},"content":{"rendered":"<p>Glomex V9147 &#8211; <\/p>\n<p>Omnidirekcijska Glomex V9125AGCU\/DAB20 Talitha antena za analognu\/digitalnu televiziju. Zahvaljuju\u0107i visini od 31 mm u obliku peraje morskog psa, koja omogu\u0107ava prijem vertikalnih signala, ova antena mo\u017ee primati i analognu i digitalnu televizijsku signalizaciju polariziranu horizontalno i vertikalno, \u0161to je \u010dini idealnim rje\u0161enjem za sve vrste \u010damaca, jedrilica ili motornih \u010damaca. Opremljena je stilusom za prijem DAB signala i automatskim poja\u010dalom za kontrolu poja\u010danja (AGC) koje osigurava savr\u0161eni signal bilo na moru ili u luci. Ako se kombinira s V9147 razdjelnikom (2-smjerni, opcionalno), instaliranim izme\u0111u antene i poja\u010dala, mo\u017ee primati i AM-FM radio frekvencije. Frekvencija 87,5\/774 MHz, 174\/240 MHz DA &#8211; Impedancija 75 Ohm &#8211; Universalno napajanje 12\/24V.<\/p>\n","protected":false},"excerpt":{"rendered":"<p>Glomex V9147 &#8211; Omnidirekcijska Glomex V9125AGCU\/DAB20 Talitha antena za analognu\/digitalnu televiziju. Zahvaljuju\u0107i visini od 31 mm u obliku peraje morskog<\/p>\n","protected":false},"featured_media":5948049,"comment_status":"closed","ping_status":"closed","template":"","meta":[],"product_brand":[2981],"product_cat":[1754],"product_tag":[],"class_list":{"0":"post-3692864","1":"product","2":"type-product","3":"status-publish","4":"has-post-thumbnail","6":"product_brand-glomex-hr","7":"product_cat-tv-antene","9":"first","10":"instock","11":"shipping-taxable","12":"purchasable","13":"product-type-simple"},"_links":{"self":[{"href":"https:\/\/stoic-curie.212-227-153-4.plesk.page\/hr\/wp-json\/wp\/v2\/product\/3692864","targetHints":{"allow":["GET"]}}],"collection":[{"href":"https:\/\/stoic-curie.212-227-153-4.plesk.page\/hr\/wp-json\/wp\/v2\/product"}],"about":[{"href":"https:\/\/stoic-curie.212-227-153-4.plesk.page\/hr\/wp-json\/wp\/v2\/types\/product"}],"replies":[{"embeddable":true,"href":"https:\/\/stoic-curie.212-227-153-4.plesk.page\/hr\/wp-json\/wp\/v2\/comments?post=3692864"}],"version-history":[{"count":0,"href":"https:\/\/stoic-curie.212-227-153-4.plesk.page\/hr\/wp-json\/wp\/v2\/product\/3692864\/revisions"}],"wp:featuredmedia":[{"embeddable":true,"href":"https:\/\/stoic-curie.212-227-153-4.plesk.page\/hr\/wp-json\/wp\/v2\/media\/5948049"}],"wp:attachment":[{"href":"https:\/\/stoic-curie.212-227-153-4.plesk.page\/hr\/wp-json\/wp\/v2\/media?parent=3692864"}],"wp:term":[{"taxonomy":"product_brand","embeddable":true,"href":"https:\/\/stoic-curie.212-227-153-4.plesk.page\/hr\/wp-json\/wp\/v2\/product_brand?post=3692864"},{"taxonomy":"product_cat","embeddable":true,"href":"https:\/\/stoic-curie.212-227-153-4.plesk.page\/hr\/wp-json\/wp\/v2\/product_cat?post=3692864"},{"taxonomy":"product_tag","embeddable":true,"href":"https:\/\/stoic-curie.212-227-153-4.plesk.page\/hr\/wp-json\/wp\/v2\/product_tag?post=3692864"}],"curies":[{"name":"wp","href":"https:\/\/api.w.org\/{rel}","templated":true}]}}