{"id":3692866,"date":"2025-10-13T13:52:51","date_gmt":"2025-10-13T17:52:51","guid":{"rendered":"https:\/\/stoic-curie.212-227-153-4.plesk.page\/product\/fm-am-antena-boss-marine\/"},"modified":"2026-02-25T00:01:19","modified_gmt":"2026-02-25T00:01:19","slug":"fm-am-antena-boss-marine","status":"publish","type":"product","link":"https:\/\/stoic-curie.212-227-153-4.plesk.page\/hr\/product\/fm-am-antena-boss-marine\/","title":{"rendered":"FM\/AM antena Boss Marine"},"content":{"rendered":"<p>FM\/AM antena Boss Marine &#8211; <\/p>\n<p>BOSS MR500UAB Radio plejer s DVA tehnologijom (digitalni glasovni asistent) koji omogu\u0107ava upit za pametnim telefonskim asistentom putem Bluetootha pomo\u0107u gumba Push to Talk. S LCD zaslonom i osvijetljenim gumbima, RDS radijom, integriranim MP3 plejerom, prednjim USB priklju\u010dkom za\u0161ti\u0107enim gumenim poklopcem i integriranim Bluetoothom sa funkcijama za telefonske pozive i reprodukciju glazbe ili hands-free funkcije sa pametnog telefona. Uklju\u010duje infracrvenu daljinsku upravlja\u010d, klizne i poveziva\u010dke kabele. D=dubina<\/p>\n","protected":false},"excerpt":{"rendered":"<p>FM\/AM antena Boss Marine &#8211; BOSS MR500UAB Radio plejer s DVA tehnologijom (digitalni glasovni asistent) koji omogu\u0107ava upit za pametnim<\/p>\n","protected":false},"featured_media":5948076,"comment_status":"closed","ping_status":"closed","template":"","meta":[],"product_brand":[2841],"product_cat":[1733],"product_tag":[],"class_list":{"0":"post-3692866","1":"product","2":"type-product","3":"status-publish","4":"has-post-thumbnail","6":"product_brand-boss-marine-hr","7":"product_cat-stereo-i-zvucnici","9":"first","10":"outofstock","11":"shipping-taxable","12":"purchasable","13":"product-type-simple"},"_links":{"self":[{"href":"https:\/\/stoic-curie.212-227-153-4.plesk.page\/hr\/wp-json\/wp\/v2\/product\/3692866","targetHints":{"allow":["GET"]}}],"collection":[{"href":"https:\/\/stoic-curie.212-227-153-4.plesk.page\/hr\/wp-json\/wp\/v2\/product"}],"about":[{"href":"https:\/\/stoic-curie.212-227-153-4.plesk.page\/hr\/wp-json\/wp\/v2\/types\/product"}],"replies":[{"embeddable":true,"href":"https:\/\/stoic-curie.212-227-153-4.plesk.page\/hr\/wp-json\/wp\/v2\/comments?post=3692866"}],"version-history":[{"count":0,"href":"https:\/\/stoic-curie.212-227-153-4.plesk.page\/hr\/wp-json\/wp\/v2\/product\/3692866\/revisions"}],"wp:featuredmedia":[{"embeddable":true,"href":"https:\/\/stoic-curie.212-227-153-4.plesk.page\/hr\/wp-json\/wp\/v2\/media\/5948076"}],"wp:attachment":[{"href":"https:\/\/stoic-curie.212-227-153-4.plesk.page\/hr\/wp-json\/wp\/v2\/media?parent=3692866"}],"wp:term":[{"taxonomy":"product_brand","embeddable":true,"href":"https:\/\/stoic-curie.212-227-153-4.plesk.page\/hr\/wp-json\/wp\/v2\/product_brand?post=3692866"},{"taxonomy":"product_cat","embeddable":true,"href":"https:\/\/stoic-curie.212-227-153-4.plesk.page\/hr\/wp-json\/wp\/v2\/product_cat?post=3692866"},{"taxonomy":"product_tag","embeddable":true,"href":"https:\/\/stoic-curie.212-227-153-4.plesk.page\/hr\/wp-json\/wp\/v2\/product_tag?post=3692866"}],"curies":[{"name":"wp","href":"https:\/\/api.w.org\/{rel}","templated":true}]}}