{"id":3692868,"date":"2025-10-13T13:52:52","date_gmt":"2025-10-13T17:52:52","guid":{"rendered":"https:\/\/stoic-curie.212-227-153-4.plesk.page\/product\/odobreni-pojas-za-spasavanje-600mm\/"},"modified":"2026-02-25T00:01:19","modified_gmt":"2026-02-25T00:01:19","slug":"odobreni-pojas-za-spasavanje-600mm","status":"publish","type":"product","link":"https:\/\/stoic-curie.212-227-153-4.plesk.page\/hr\/product\/odobreni-pojas-za-spasavanje-600mm\/","title":{"rendered":"Odobreni pojas za spa\u0161avanje 600mm"},"content":{"rendered":"<p>Odobreni pojas za spa\u0161avanje 600mm &#8211; <\/p>\n<p>Kompaktni spasila\u010dki pojas uskla\u0111en s propisima Solas 74\/83 EEC 96\/98. Odobren za trgova\u010dku mornaricu i plovidbu za u\u017eitak.<\/p>\n","protected":false},"excerpt":{"rendered":"<p>Odobreni pojas za spa\u0161avanje 600mm &#8211; Kompaktni spasila\u010dki pojas uskla\u0111en s propisima Solas 74\/83 EEC 96\/98. Odobren za trgova\u010dku mornaricu<\/p>\n","protected":false},"featured_media":5948089,"comment_status":"closed","ping_status":"closed","template":"","meta":[],"product_brand":[2856],"product_cat":[1604],"product_tag":[],"class_list":{"0":"post-3692868","1":"product","2":"type-product","3":"status-publish","4":"has-post-thumbnail","6":"product_brand-can-marine-hr","7":"product_cat-pojasevi-za-spasavanje-i-remenje","9":"first","10":"instock","11":"shipping-taxable","12":"purchasable","13":"product-type-simple"},"_links":{"self":[{"href":"https:\/\/stoic-curie.212-227-153-4.plesk.page\/hr\/wp-json\/wp\/v2\/product\/3692868","targetHints":{"allow":["GET"]}}],"collection":[{"href":"https:\/\/stoic-curie.212-227-153-4.plesk.page\/hr\/wp-json\/wp\/v2\/product"}],"about":[{"href":"https:\/\/stoic-curie.212-227-153-4.plesk.page\/hr\/wp-json\/wp\/v2\/types\/product"}],"replies":[{"embeddable":true,"href":"https:\/\/stoic-curie.212-227-153-4.plesk.page\/hr\/wp-json\/wp\/v2\/comments?post=3692868"}],"version-history":[{"count":0,"href":"https:\/\/stoic-curie.212-227-153-4.plesk.page\/hr\/wp-json\/wp\/v2\/product\/3692868\/revisions"}],"wp:featuredmedia":[{"embeddable":true,"href":"https:\/\/stoic-curie.212-227-153-4.plesk.page\/hr\/wp-json\/wp\/v2\/media\/5948089"}],"wp:attachment":[{"href":"https:\/\/stoic-curie.212-227-153-4.plesk.page\/hr\/wp-json\/wp\/v2\/media?parent=3692868"}],"wp:term":[{"taxonomy":"product_brand","embeddable":true,"href":"https:\/\/stoic-curie.212-227-153-4.plesk.page\/hr\/wp-json\/wp\/v2\/product_brand?post=3692868"},{"taxonomy":"product_cat","embeddable":true,"href":"https:\/\/stoic-curie.212-227-153-4.plesk.page\/hr\/wp-json\/wp\/v2\/product_cat?post=3692868"},{"taxonomy":"product_tag","embeddable":true,"href":"https:\/\/stoic-curie.212-227-153-4.plesk.page\/hr\/wp-json\/wp\/v2\/product_tag?post=3692868"}],"curies":[{"name":"wp","href":"https:\/\/api.w.org\/{rel}","templated":true}]}}