{"id":3692879,"date":"2025-10-13T13:52:54","date_gmt":"2025-10-13T17:52:54","guid":{"rendered":"https:\/\/stoic-curie.212-227-153-4.plesk.page\/product\/crijevo-od-25-mm-za-bravo-ge-900\/"},"modified":"2026-02-25T00:01:19","modified_gmt":"2026-02-25T00:01:19","slug":"crijevo-od-25-mm-za-bravo-ge-900","status":"publish","type":"product","link":"https:\/\/stoic-curie.212-227-153-4.plesk.page\/hr\/product\/crijevo-od-25-mm-za-bravo-ge-900\/","title":{"rendered":"Crijevo od 25 mm za Bravo Ge 900"},"content":{"rendered":"<p>Crijevo od 25 mm za Bravo Ge 900 &#8211; <\/p>\n<p>Profesionalna elektri\u010dna pumpa na 220V koja mo\u017ee brzo dovesti bilo koju napuhanu \u010damcu i strukturu do pritiska. Motor od 700W dizajniran s niskim razinom buke (maks 85dB), mo\u017ee napuhati i ispuhati. Dolazi bez crijeva i priklju\u010daka koji se isporu\u010duju odvojeno. Dimenzije: 15 x 17 x H22 cm.<\/p>\n","protected":false},"excerpt":{"rendered":"<p>Crijevo od 25 mm za Bravo Ge 900 &#8211; Profesionalna elektri\u010dna pumpa na 220V koja mo\u017ee brzo dovesti bilo koju<\/p>\n","protected":false},"featured_media":5948130,"comment_status":"closed","ping_status":"closed","template":"","meta":[],"product_brand":[2851],"product_cat":[1835],"product_tag":[],"class_list":{"0":"post-3692879","1":"product","2":"type-product","3":"status-publish","4":"has-post-thumbnail","6":"product_brand-bravo-scoprega-hr","7":"product_cat-pumpe-za-pneumatske-camce","9":"first","10":"instock","11":"shipping-taxable","12":"purchasable","13":"product-type-simple"},"_links":{"self":[{"href":"https:\/\/stoic-curie.212-227-153-4.plesk.page\/hr\/wp-json\/wp\/v2\/product\/3692879","targetHints":{"allow":["GET"]}}],"collection":[{"href":"https:\/\/stoic-curie.212-227-153-4.plesk.page\/hr\/wp-json\/wp\/v2\/product"}],"about":[{"href":"https:\/\/stoic-curie.212-227-153-4.plesk.page\/hr\/wp-json\/wp\/v2\/types\/product"}],"replies":[{"embeddable":true,"href":"https:\/\/stoic-curie.212-227-153-4.plesk.page\/hr\/wp-json\/wp\/v2\/comments?post=3692879"}],"version-history":[{"count":0,"href":"https:\/\/stoic-curie.212-227-153-4.plesk.page\/hr\/wp-json\/wp\/v2\/product\/3692879\/revisions"}],"wp:featuredmedia":[{"embeddable":true,"href":"https:\/\/stoic-curie.212-227-153-4.plesk.page\/hr\/wp-json\/wp\/v2\/media\/5948130"}],"wp:attachment":[{"href":"https:\/\/stoic-curie.212-227-153-4.plesk.page\/hr\/wp-json\/wp\/v2\/media?parent=3692879"}],"wp:term":[{"taxonomy":"product_brand","embeddable":true,"href":"https:\/\/stoic-curie.212-227-153-4.plesk.page\/hr\/wp-json\/wp\/v2\/product_brand?post=3692879"},{"taxonomy":"product_cat","embeddable":true,"href":"https:\/\/stoic-curie.212-227-153-4.plesk.page\/hr\/wp-json\/wp\/v2\/product_cat?post=3692879"},{"taxonomy":"product_tag","embeddable":true,"href":"https:\/\/stoic-curie.212-227-153-4.plesk.page\/hr\/wp-json\/wp\/v2\/product_tag?post=3692879"}],"curies":[{"name":"wp","href":"https:\/\/api.w.org\/{rel}","templated":true}]}}