{"id":3692880,"date":"2025-10-13T13:52:54","date_gmt":"2025-10-13T17:52:54","guid":{"rendered":"https:\/\/stoic-curie.212-227-153-4.plesk.page\/product\/crijevo-za-bravo-2005-ventil-ge-900\/"},"modified":"2026-02-25T00:01:19","modified_gmt":"2026-02-25T00:01:19","slug":"crijevo-za-bravo-2005-ventil-ge-900","status":"publish","type":"product","link":"https:\/\/stoic-curie.212-227-153-4.plesk.page\/hr\/product\/crijevo-za-bravo-2005-ventil-ge-900\/","title":{"rendered":"Crijevo za Bravo 2005 Ventil + Ge 900"},"content":{"rendered":"<p>Crijevo za Bravo 2005 Ventil + Ge 900 &#8211; <\/p>\n<p>Profesionalna elektri\u010dna pumpa 220V koja mo\u017ee brzo podi\u0107i pritisak u bilo kojoj napuhavanju \u010damcu i strukturi. Motor snage 700W dizajniran s niskim nivoom buke (maks. 85dB), mo\u017ee napuhavati i ispuhivati. Treba ga upotpuniti crijevom i fitinzima koji se isporu\u010duju odvojeno. Dimenzije 15 x 17 x H22 cm.<\/p>\n","protected":false},"excerpt":{"rendered":"<p>Crijevo za Bravo 2005 Ventil + Ge 900 &#8211; Profesionalna elektri\u010dna pumpa 220V koja mo\u017ee brzo podi\u0107i pritisak u bilo<\/p>\n","protected":false},"featured_media":5948131,"comment_status":"closed","ping_status":"closed","template":"","meta":[],"product_brand":[2851],"product_cat":[1835],"product_tag":[],"class_list":{"0":"post-3692880","1":"product","2":"type-product","3":"status-publish","4":"has-post-thumbnail","6":"product_brand-bravo-scoprega-hr","7":"product_cat-pumpe-za-pneumatske-camce","9":"first","10":"instock","11":"shipping-taxable","12":"purchasable","13":"product-type-simple"},"_links":{"self":[{"href":"https:\/\/stoic-curie.212-227-153-4.plesk.page\/hr\/wp-json\/wp\/v2\/product\/3692880","targetHints":{"allow":["GET"]}}],"collection":[{"href":"https:\/\/stoic-curie.212-227-153-4.plesk.page\/hr\/wp-json\/wp\/v2\/product"}],"about":[{"href":"https:\/\/stoic-curie.212-227-153-4.plesk.page\/hr\/wp-json\/wp\/v2\/types\/product"}],"replies":[{"embeddable":true,"href":"https:\/\/stoic-curie.212-227-153-4.plesk.page\/hr\/wp-json\/wp\/v2\/comments?post=3692880"}],"version-history":[{"count":0,"href":"https:\/\/stoic-curie.212-227-153-4.plesk.page\/hr\/wp-json\/wp\/v2\/product\/3692880\/revisions"}],"wp:featuredmedia":[{"embeddable":true,"href":"https:\/\/stoic-curie.212-227-153-4.plesk.page\/hr\/wp-json\/wp\/v2\/media\/5948131"}],"wp:attachment":[{"href":"https:\/\/stoic-curie.212-227-153-4.plesk.page\/hr\/wp-json\/wp\/v2\/media?parent=3692880"}],"wp:term":[{"taxonomy":"product_brand","embeddable":true,"href":"https:\/\/stoic-curie.212-227-153-4.plesk.page\/hr\/wp-json\/wp\/v2\/product_brand?post=3692880"},{"taxonomy":"product_cat","embeddable":true,"href":"https:\/\/stoic-curie.212-227-153-4.plesk.page\/hr\/wp-json\/wp\/v2\/product_cat?post=3692880"},{"taxonomy":"product_tag","embeddable":true,"href":"https:\/\/stoic-curie.212-227-153-4.plesk.page\/hr\/wp-json\/wp\/v2\/product_tag?post=3692880"}],"curies":[{"name":"wp","href":"https:\/\/api.w.org\/{rel}","templated":true}]}}