{"id":3692890,"date":"2025-10-13T13:52:57","date_gmt":"2025-10-13T17:52:57","guid":{"rendered":"https:\/\/stoic-curie.212-227-153-4.plesk.page\/product\/podrska-za-nosac-vesla-siva-150-x-95-mm\/"},"modified":"2026-02-25T00:01:20","modified_gmt":"2026-02-25T00:01:20","slug":"podrska-za-nosac-vesla-siva-150-x-95-mm","status":"publish","type":"product","link":"https:\/\/stoic-curie.212-227-153-4.plesk.page\/hr\/product\/podrska-za-nosac-vesla-siva-150-x-95-mm\/","title":{"rendered":"Podr\u0161ka za nosa\u010d vesla, siva: 150 x 95 mm"},"content":{"rendered":"<p>Podr\u0161ka za nosa\u010d vesla, siva: 150 x 95 mm &#8211; <\/p>\n<p>Gumeni zup\u010dasti nosa\u010d s utorom D11 mm.<\/p>\n","protected":false},"excerpt":{"rendered":"<p>Podr\u0161ka za nosa\u010d vesla, siva: 150 x 95 mm &#8211; Gumeni zup\u010dasti nosa\u010d s utorom D11 mm.<\/p>\n","protected":false},"featured_media":5948140,"comment_status":"closed","ping_status":"closed","template":"","meta":[],"product_brand":[2861],"product_cat":[1839,1836],"product_tag":[],"class_list":{"0":"post-3692890","1":"product","2":"type-product","3":"status-publish","4":"has-post-thumbnail","6":"product_brand-ceredi-hr","7":"product_cat-oprema-za-pomocne-brodice","8":"product_cat-vesla","10":"first","11":"instock","12":"shipping-taxable","13":"purchasable","14":"product-type-simple"},"_links":{"self":[{"href":"https:\/\/stoic-curie.212-227-153-4.plesk.page\/hr\/wp-json\/wp\/v2\/product\/3692890","targetHints":{"allow":["GET"]}}],"collection":[{"href":"https:\/\/stoic-curie.212-227-153-4.plesk.page\/hr\/wp-json\/wp\/v2\/product"}],"about":[{"href":"https:\/\/stoic-curie.212-227-153-4.plesk.page\/hr\/wp-json\/wp\/v2\/types\/product"}],"replies":[{"embeddable":true,"href":"https:\/\/stoic-curie.212-227-153-4.plesk.page\/hr\/wp-json\/wp\/v2\/comments?post=3692890"}],"version-history":[{"count":0,"href":"https:\/\/stoic-curie.212-227-153-4.plesk.page\/hr\/wp-json\/wp\/v2\/product\/3692890\/revisions"}],"wp:featuredmedia":[{"embeddable":true,"href":"https:\/\/stoic-curie.212-227-153-4.plesk.page\/hr\/wp-json\/wp\/v2\/media\/5948140"}],"wp:attachment":[{"href":"https:\/\/stoic-curie.212-227-153-4.plesk.page\/hr\/wp-json\/wp\/v2\/media?parent=3692890"}],"wp:term":[{"taxonomy":"product_brand","embeddable":true,"href":"https:\/\/stoic-curie.212-227-153-4.plesk.page\/hr\/wp-json\/wp\/v2\/product_brand?post=3692890"},{"taxonomy":"product_cat","embeddable":true,"href":"https:\/\/stoic-curie.212-227-153-4.plesk.page\/hr\/wp-json\/wp\/v2\/product_cat?post=3692890"},{"taxonomy":"product_tag","embeddable":true,"href":"https:\/\/stoic-curie.212-227-153-4.plesk.page\/hr\/wp-json\/wp\/v2\/product_tag?post=3692890"}],"curies":[{"name":"wp","href":"https:\/\/api.w.org\/{rel}","templated":true}]}}