{"id":3692897,"date":"2025-10-13T13:52:59","date_gmt":"2025-10-13T17:52:59","guid":{"rendered":"https:\/\/stoic-curie.212-227-153-4.plesk.page\/product\/gumeni-podmetaci-za-prikolice-dim-300-x-100-x-v325-mm\/"},"modified":"2026-02-25T00:01:20","modified_gmt":"2026-02-25T00:01:20","slug":"gumeni-podmetaci-za-prikolice-dim-300-x-100-x-v325-mm","status":"publish","type":"product","link":"https:\/\/stoic-curie.212-227-153-4.plesk.page\/hr\/product\/gumeni-podmetaci-za-prikolice-dim-300-x-100-x-v325-mm\/","title":{"rendered":"Gumeni podmeta\u010di za prikolice dim 300 x 100 x v32,5 mm"},"content":{"rendered":"<p>Gumeni podmeta\u010di za prikolice dim 300 x 100 x v32,5 mm &#8211; <\/p>\n<p>Crne gumene jastu\u010di\u0107e za krajnike za prikolice.<\/p>\n","protected":false},"excerpt":{"rendered":"<p>Gumeni podmeta\u010di za prikolice dim 300 x 100 x v32,5 mm &#8211; Crne gumene jastu\u010di\u0107e za krajnike za prikolice.<\/p>\n","protected":false},"featured_media":5948149,"comment_status":"closed","ping_status":"closed","template":"","meta":[],"product_brand":[2891],"product_cat":[1841],"product_tag":[],"class_list":{"0":"post-3692897","1":"product","2":"type-product","3":"status-publish","4":"has-post-thumbnail","6":"product_brand-domar-hr","7":"product_cat-pribor-za-prikolicu-broda","9":"first","10":"instock","11":"shipping-taxable","12":"purchasable","13":"product-type-simple"},"_links":{"self":[{"href":"https:\/\/stoic-curie.212-227-153-4.plesk.page\/hr\/wp-json\/wp\/v2\/product\/3692897","targetHints":{"allow":["GET"]}}],"collection":[{"href":"https:\/\/stoic-curie.212-227-153-4.plesk.page\/hr\/wp-json\/wp\/v2\/product"}],"about":[{"href":"https:\/\/stoic-curie.212-227-153-4.plesk.page\/hr\/wp-json\/wp\/v2\/types\/product"}],"replies":[{"embeddable":true,"href":"https:\/\/stoic-curie.212-227-153-4.plesk.page\/hr\/wp-json\/wp\/v2\/comments?post=3692897"}],"version-history":[{"count":0,"href":"https:\/\/stoic-curie.212-227-153-4.plesk.page\/hr\/wp-json\/wp\/v2\/product\/3692897\/revisions"}],"wp:featuredmedia":[{"embeddable":true,"href":"https:\/\/stoic-curie.212-227-153-4.plesk.page\/hr\/wp-json\/wp\/v2\/media\/5948149"}],"wp:attachment":[{"href":"https:\/\/stoic-curie.212-227-153-4.plesk.page\/hr\/wp-json\/wp\/v2\/media?parent=3692897"}],"wp:term":[{"taxonomy":"product_brand","embeddable":true,"href":"https:\/\/stoic-curie.212-227-153-4.plesk.page\/hr\/wp-json\/wp\/v2\/product_brand?post=3692897"},{"taxonomy":"product_cat","embeddable":true,"href":"https:\/\/stoic-curie.212-227-153-4.plesk.page\/hr\/wp-json\/wp\/v2\/product_cat?post=3692897"},{"taxonomy":"product_tag","embeddable":true,"href":"https:\/\/stoic-curie.212-227-153-4.plesk.page\/hr\/wp-json\/wp\/v2\/product_tag?post=3692897"}],"curies":[{"name":"wp","href":"https:\/\/api.w.org\/{rel}","templated":true}]}}