{"id":3692902,"date":"2025-10-13T13:53:01","date_gmt":"2025-10-13T17:53:01","guid":{"rendered":"https:\/\/stoic-curie.212-227-153-4.plesk.page\/product\/pocincani-kabel-za-vitla-za-prikolice-5-mm-x-10mt-1500kg\/"},"modified":"2026-02-25T00:01:20","modified_gmt":"2026-02-25T00:01:20","slug":"pocincani-kabel-za-vitla-za-prikolice-5-mm-x-10mt-1500kg","status":"publish","type":"product","link":"https:\/\/stoic-curie.212-227-153-4.plesk.page\/hr\/product\/pocincani-kabel-za-vitla-za-prikolice-5-mm-x-10mt-1500kg\/","title":{"rendered":"Pocincani kabel za vitla za prikolice 5 mm x 10mt 1500kg"},"content":{"rendered":"<p>Pocincani kabel za vitla za prikolice 5 mm x 10mt 1500kg &#8211; <\/p>\n<p>Galvanizirane \u010deli\u010dne \u017eice i visokotrajne najlonske trake za ru\u010dne vitlove za prikolice. U kompletu s kukom.<\/p>\n","protected":false},"excerpt":{"rendered":"<p>Pocincani kabel za vitla za prikolice 5 mm x 10mt 1500kg &#8211; Galvanizirane \u010deli\u010dne \u017eice i visokotrajne najlonske trake za<\/p>\n","protected":false},"featured_media":5948157,"comment_status":"closed","ping_status":"closed","template":"","meta":[],"product_brand":[2891],"product_cat":[1834],"product_tag":[],"class_list":{"0":"post-3692902","1":"product","2":"type-product","3":"status-publish","4":"has-post-thumbnail","6":"product_brand-domar-hr","7":"product_cat-vitla-za-prikolice-za-brodove","9":"first","10":"instock","11":"shipping-taxable","12":"purchasable","13":"product-type-simple"},"_links":{"self":[{"href":"https:\/\/stoic-curie.212-227-153-4.plesk.page\/hr\/wp-json\/wp\/v2\/product\/3692902","targetHints":{"allow":["GET"]}}],"collection":[{"href":"https:\/\/stoic-curie.212-227-153-4.plesk.page\/hr\/wp-json\/wp\/v2\/product"}],"about":[{"href":"https:\/\/stoic-curie.212-227-153-4.plesk.page\/hr\/wp-json\/wp\/v2\/types\/product"}],"replies":[{"embeddable":true,"href":"https:\/\/stoic-curie.212-227-153-4.plesk.page\/hr\/wp-json\/wp\/v2\/comments?post=3692902"}],"version-history":[{"count":0,"href":"https:\/\/stoic-curie.212-227-153-4.plesk.page\/hr\/wp-json\/wp\/v2\/product\/3692902\/revisions"}],"wp:featuredmedia":[{"embeddable":true,"href":"https:\/\/stoic-curie.212-227-153-4.plesk.page\/hr\/wp-json\/wp\/v2\/media\/5948157"}],"wp:attachment":[{"href":"https:\/\/stoic-curie.212-227-153-4.plesk.page\/hr\/wp-json\/wp\/v2\/media?parent=3692902"}],"wp:term":[{"taxonomy":"product_brand","embeddable":true,"href":"https:\/\/stoic-curie.212-227-153-4.plesk.page\/hr\/wp-json\/wp\/v2\/product_brand?post=3692902"},{"taxonomy":"product_cat","embeddable":true,"href":"https:\/\/stoic-curie.212-227-153-4.plesk.page\/hr\/wp-json\/wp\/v2\/product_cat?post=3692902"},{"taxonomy":"product_tag","embeddable":true,"href":"https:\/\/stoic-curie.212-227-153-4.plesk.page\/hr\/wp-json\/wp\/v2\/product_tag?post=3692902"}],"curies":[{"name":"wp","href":"https:\/\/api.w.org\/{rel}","templated":true}]}}