{"id":3692907,"date":"2025-10-13T13:53:02","date_gmt":"2025-10-13T17:53:02","guid":{"rendered":"https:\/\/stoic-curie.212-227-153-4.plesk.page\/product\/suha-torbica-aquapac-phonecase-blue-195-x-115mm\/"},"modified":"2026-02-25T00:01:20","modified_gmt":"2026-02-25T00:01:20","slug":"suha-torbica-aquapac-phonecase-blue-195-x-115mm","status":"publish","type":"product","link":"https:\/\/stoic-curie.212-227-153-4.plesk.page\/hr\/product\/suha-torbica-aquapac-phonecase-blue-195-x-115mm\/","title":{"rendered":"Suha torbica Aquapac PhoneCase Blue 195 x 115mm"},"content":{"rendered":"<p>Suha torbica Aquapac PhoneCase Blue 195 x 115mm &#8211; <\/p>\n<p>Vodootporna futrola za pametne telefone koja izdr\u017eava do 10 m pod vodom. Dvostrani Lenzlex prozor za le\u0107u omogu\u0107ava snimanje sjajnih fotografija unutar i izvan vode, dr\u017ee\u0107i pametan telefon potpuno sigurnim. Sve tipke, funkcije i ekran na dodir rade normalno kroz futrolu. Dolazi s remenom.<\/p>\n","protected":false},"excerpt":{"rendered":"<p>Suha torbica Aquapac PhoneCase Blue 195 x 115mm &#8211; Vodootporna futrola za pametne telefone koja izdr\u017eava do 10 m pod<\/p>\n","protected":false},"featured_media":5948165,"comment_status":"closed","ping_status":"closed","template":"","meta":[],"product_brand":[2796],"product_cat":[1855],"product_tag":[],"class_list":{"0":"post-3692907","1":"product","2":"type-product","3":"status-publish","4":"has-post-thumbnail","6":"product_brand-aquapac-hr","7":"product_cat-suhe-torbe","9":"first","10":"instock","11":"shipping-taxable","12":"purchasable","13":"product-type-simple"},"_links":{"self":[{"href":"https:\/\/stoic-curie.212-227-153-4.plesk.page\/hr\/wp-json\/wp\/v2\/product\/3692907","targetHints":{"allow":["GET"]}}],"collection":[{"href":"https:\/\/stoic-curie.212-227-153-4.plesk.page\/hr\/wp-json\/wp\/v2\/product"}],"about":[{"href":"https:\/\/stoic-curie.212-227-153-4.plesk.page\/hr\/wp-json\/wp\/v2\/types\/product"}],"replies":[{"embeddable":true,"href":"https:\/\/stoic-curie.212-227-153-4.plesk.page\/hr\/wp-json\/wp\/v2\/comments?post=3692907"}],"version-history":[{"count":0,"href":"https:\/\/stoic-curie.212-227-153-4.plesk.page\/hr\/wp-json\/wp\/v2\/product\/3692907\/revisions"}],"wp:featuredmedia":[{"embeddable":true,"href":"https:\/\/stoic-curie.212-227-153-4.plesk.page\/hr\/wp-json\/wp\/v2\/media\/5948165"}],"wp:attachment":[{"href":"https:\/\/stoic-curie.212-227-153-4.plesk.page\/hr\/wp-json\/wp\/v2\/media?parent=3692907"}],"wp:term":[{"taxonomy":"product_brand","embeddable":true,"href":"https:\/\/stoic-curie.212-227-153-4.plesk.page\/hr\/wp-json\/wp\/v2\/product_brand?post=3692907"},{"taxonomy":"product_cat","embeddable":true,"href":"https:\/\/stoic-curie.212-227-153-4.plesk.page\/hr\/wp-json\/wp\/v2\/product_cat?post=3692907"},{"taxonomy":"product_tag","embeddable":true,"href":"https:\/\/stoic-curie.212-227-153-4.plesk.page\/hr\/wp-json\/wp\/v2\/product_tag?post=3692907"}],"curies":[{"name":"wp","href":"https:\/\/api.w.org\/{rel}","templated":true}]}}