{"id":3692913,"date":"2025-10-13T13:53:03","date_gmt":"2025-10-13T17:53:03","guid":{"rendered":"https:\/\/stoic-curie.212-227-153-4.plesk.page\/product\/bova-za-signalizaciju-ronilaca-ref-long-o-280-mm-d-880-mm\/"},"modified":"2026-02-25T00:01:20","modified_gmt":"2026-02-25T00:01:20","slug":"bova-za-signalizaciju-ronilaca-ref-long-o-280-mm-d-880-mm","status":"publish","type":"product","link":"https:\/\/stoic-curie.212-227-153-4.plesk.page\/hr\/product\/bova-za-signalizaciju-ronilaca-ref-long-o-280-mm-d-880-mm\/","title":{"rendered":"Bova za signalizaciju ronilaca ref long  \u00f8 280 mm d 880 mm"},"content":{"rendered":"<p>Bova za signalizaciju ronilaca ref long  \u00f8 280 mm d 880 mm &#8211; <\/p>\n<p>Napuha\u010dene bojice za ozna\u010davanje pozicije ronilaca tijekom aktivnosti.<\/p>\n","protected":false},"excerpt":{"rendered":"<p>Bova za signalizaciju ronilaca ref long \u00f8 280 mm d 880 mm &#8211; Napuha\u010dene bojice za ozna\u010davanje pozicije ronilaca tijekom<\/p>\n","protected":false},"featured_media":5948172,"comment_status":"closed","ping_status":"closed","template":"","meta":[],"product_brand":[3236],"product_cat":[1844],"product_tag":[],"class_list":{"0":"post-3692913","1":"product","2":"type-product","3":"status-publish","4":"has-post-thumbnail","6":"product_brand-osculati-hr","7":"product_cat-oprema-za-ronjenje","9":"first","10":"instock","11":"shipping-taxable","12":"purchasable","13":"product-type-simple"},"_links":{"self":[{"href":"https:\/\/stoic-curie.212-227-153-4.plesk.page\/hr\/wp-json\/wp\/v2\/product\/3692913","targetHints":{"allow":["GET"]}}],"collection":[{"href":"https:\/\/stoic-curie.212-227-153-4.plesk.page\/hr\/wp-json\/wp\/v2\/product"}],"about":[{"href":"https:\/\/stoic-curie.212-227-153-4.plesk.page\/hr\/wp-json\/wp\/v2\/types\/product"}],"replies":[{"embeddable":true,"href":"https:\/\/stoic-curie.212-227-153-4.plesk.page\/hr\/wp-json\/wp\/v2\/comments?post=3692913"}],"version-history":[{"count":0,"href":"https:\/\/stoic-curie.212-227-153-4.plesk.page\/hr\/wp-json\/wp\/v2\/product\/3692913\/revisions"}],"wp:featuredmedia":[{"embeddable":true,"href":"https:\/\/stoic-curie.212-227-153-4.plesk.page\/hr\/wp-json\/wp\/v2\/media\/5948172"}],"wp:attachment":[{"href":"https:\/\/stoic-curie.212-227-153-4.plesk.page\/hr\/wp-json\/wp\/v2\/media?parent=3692913"}],"wp:term":[{"taxonomy":"product_brand","embeddable":true,"href":"https:\/\/stoic-curie.212-227-153-4.plesk.page\/hr\/wp-json\/wp\/v2\/product_brand?post=3692913"},{"taxonomy":"product_cat","embeddable":true,"href":"https:\/\/stoic-curie.212-227-153-4.plesk.page\/hr\/wp-json\/wp\/v2\/product_cat?post=3692913"},{"taxonomy":"product_tag","embeddable":true,"href":"https:\/\/stoic-curie.212-227-153-4.plesk.page\/hr\/wp-json\/wp\/v2\/product_tag?post=3692913"}],"curies":[{"name":"wp","href":"https:\/\/api.w.org\/{rel}","templated":true}]}}