{"id":3692915,"date":"2025-10-13T13:53:03","date_gmt":"2025-10-13T17:53:03","guid":{"rendered":"https:\/\/stoic-curie.212-227-153-4.plesk.page\/product\/zuti-noz-shark-9-9-cm\/"},"modified":"2026-02-25T00:01:20","modified_gmt":"2026-02-25T00:01:20","slug":"zuti-noz-shark-9-9-cm","status":"publish","type":"product","link":"https:\/\/stoic-curie.212-227-153-4.plesk.page\/hr\/product\/zuti-noz-shark-9-9-cm\/","title":{"rendered":"\u017duti no\u017e Shark 9 9 cm"},"content":{"rendered":"<p>\u017duti no\u017e Shark 9 9 cm &#8211; <\/p>\n<p>Kompaktno ronila\u010dko no\u017ei\u0107 s rezanjem konopca, futrolom i remenom. O\u0161trica od nehr\u0111aju\u0107eg \u010delika W1.4028. O\u0161tricu treba isprati slatkom vodom i podmazati nakon upotrebe.<\/p>\n","protected":false},"excerpt":{"rendered":"<p>\u017duti no\u017e Shark 9 9 cm &#8211; Kompaktno ronila\u010dko no\u017ei\u0107 s rezanjem konopca, futrolom i remenom. O\u0161trica od nehr\u0111aju\u0107eg \u010delika<\/p>\n","protected":false},"featured_media":5948176,"comment_status":"closed","ping_status":"closed","template":"","meta":[],"product_brand":[3081],"product_cat":[1856,1844],"product_tag":[],"class_list":{"0":"post-3692915","1":"product","2":"type-product","3":"status-publish","4":"has-post-thumbnail","6":"product_brand-macs-hr","7":"product_cat-jedrilicarski-nozevi-i-alati","8":"product_cat-oprema-za-ronjenje","10":"first","11":"instock","12":"shipping-taxable","13":"purchasable","14":"product-type-simple"},"_links":{"self":[{"href":"https:\/\/stoic-curie.212-227-153-4.plesk.page\/hr\/wp-json\/wp\/v2\/product\/3692915","targetHints":{"allow":["GET"]}}],"collection":[{"href":"https:\/\/stoic-curie.212-227-153-4.plesk.page\/hr\/wp-json\/wp\/v2\/product"}],"about":[{"href":"https:\/\/stoic-curie.212-227-153-4.plesk.page\/hr\/wp-json\/wp\/v2\/types\/product"}],"replies":[{"embeddable":true,"href":"https:\/\/stoic-curie.212-227-153-4.plesk.page\/hr\/wp-json\/wp\/v2\/comments?post=3692915"}],"version-history":[{"count":0,"href":"https:\/\/stoic-curie.212-227-153-4.plesk.page\/hr\/wp-json\/wp\/v2\/product\/3692915\/revisions"}],"wp:featuredmedia":[{"embeddable":true,"href":"https:\/\/stoic-curie.212-227-153-4.plesk.page\/hr\/wp-json\/wp\/v2\/media\/5948176"}],"wp:attachment":[{"href":"https:\/\/stoic-curie.212-227-153-4.plesk.page\/hr\/wp-json\/wp\/v2\/media?parent=3692915"}],"wp:term":[{"taxonomy":"product_brand","embeddable":true,"href":"https:\/\/stoic-curie.212-227-153-4.plesk.page\/hr\/wp-json\/wp\/v2\/product_brand?post=3692915"},{"taxonomy":"product_cat","embeddable":true,"href":"https:\/\/stoic-curie.212-227-153-4.plesk.page\/hr\/wp-json\/wp\/v2\/product_cat?post=3692915"},{"taxonomy":"product_tag","embeddable":true,"href":"https:\/\/stoic-curie.212-227-153-4.plesk.page\/hr\/wp-json\/wp\/v2\/product_tag?post=3692915"}],"curies":[{"name":"wp","href":"https:\/\/api.w.org\/{rel}","templated":true}]}}