{"id":3692926,"date":"2025-10-13T13:53:06","date_gmt":"2025-10-13T17:53:06","guid":{"rendered":"https:\/\/stoic-curie.212-227-153-4.plesk.page\/product\/zuti-sklopivi-noz-skippy-65-cm\/"},"modified":"2026-02-25T00:01:20","modified_gmt":"2026-02-25T00:01:20","slug":"zuti-sklopivi-noz-skippy-65-cm","status":"publish","type":"product","link":"https:\/\/stoic-curie.212-227-153-4.plesk.page\/hr\/product\/zuti-sklopivi-noz-skippy-65-cm\/","title":{"rendered":"\u017duti sklopivi no\u017e Skippy 6,5 cm"},"content":{"rendered":"<p>\u017duti sklopivi no\u017e Skippy 6,5 cm &#8211; <\/p>\n<p>Preklopna no\u017e sa zaklju\u010davanjem o\u0161trice i otvara\u010dem boca. Dr\u0161ka od PP i TPE, o\u0161trica od nehr\u0111aju\u0107eg \u010delika W1.4034.<\/p>\n","protected":false},"excerpt":{"rendered":"<p>\u017duti sklopivi no\u017e Skippy 6,5 cm &#8211; Preklopna no\u017e sa zaklju\u010davanjem o\u0161trice i otvara\u010dem boca. Dr\u0161ka od PP i TPE,<\/p>\n","protected":false},"featured_media":5948194,"comment_status":"closed","ping_status":"closed","template":"","meta":[],"product_brand":[3081],"product_cat":[1856],"product_tag":[],"class_list":{"0":"post-3692926","1":"product","2":"type-product","3":"status-publish","4":"has-post-thumbnail","6":"product_brand-macs-hr","7":"product_cat-jedrilicarski-nozevi-i-alati","9":"first","10":"instock","11":"shipping-taxable","12":"purchasable","13":"product-type-simple"},"_links":{"self":[{"href":"https:\/\/stoic-curie.212-227-153-4.plesk.page\/hr\/wp-json\/wp\/v2\/product\/3692926","targetHints":{"allow":["GET"]}}],"collection":[{"href":"https:\/\/stoic-curie.212-227-153-4.plesk.page\/hr\/wp-json\/wp\/v2\/product"}],"about":[{"href":"https:\/\/stoic-curie.212-227-153-4.plesk.page\/hr\/wp-json\/wp\/v2\/types\/product"}],"replies":[{"embeddable":true,"href":"https:\/\/stoic-curie.212-227-153-4.plesk.page\/hr\/wp-json\/wp\/v2\/comments?post=3692926"}],"version-history":[{"count":0,"href":"https:\/\/stoic-curie.212-227-153-4.plesk.page\/hr\/wp-json\/wp\/v2\/product\/3692926\/revisions"}],"wp:featuredmedia":[{"embeddable":true,"href":"https:\/\/stoic-curie.212-227-153-4.plesk.page\/hr\/wp-json\/wp\/v2\/media\/5948194"}],"wp:attachment":[{"href":"https:\/\/stoic-curie.212-227-153-4.plesk.page\/hr\/wp-json\/wp\/v2\/media?parent=3692926"}],"wp:term":[{"taxonomy":"product_brand","embeddable":true,"href":"https:\/\/stoic-curie.212-227-153-4.plesk.page\/hr\/wp-json\/wp\/v2\/product_brand?post=3692926"},{"taxonomy":"product_cat","embeddable":true,"href":"https:\/\/stoic-curie.212-227-153-4.plesk.page\/hr\/wp-json\/wp\/v2\/product_cat?post=3692926"},{"taxonomy":"product_tag","embeddable":true,"href":"https:\/\/stoic-curie.212-227-153-4.plesk.page\/hr\/wp-json\/wp\/v2\/product_tag?post=3692926"}],"curies":[{"name":"wp","href":"https:\/\/api.w.org\/{rel}","templated":true}]}}