{"id":3692928,"date":"2025-10-13T13:53:07","date_gmt":"2025-10-13T17:53:07","guid":{"rendered":"https:\/\/stoic-curie.212-227-153-4.plesk.page\/product\/zastitni-noz-crveni-185cm\/"},"modified":"2026-02-25T00:01:20","modified_gmt":"2026-02-25T00:01:20","slug":"zastitni-noz-crveni-185cm","status":"publish","type":"product","link":"https:\/\/stoic-curie.212-227-153-4.plesk.page\/hr\/product\/zastitni-noz-crveni-185cm\/","title":{"rendered":"Za\u0161titni no\u017e Crveni 18,5cm"},"content":{"rendered":"<p>Za\u0161titni no\u017e Crveni 18,5cm &#8211; <\/p>\n<p>Plasti\u010dno za\u0161ti\u0107eni no\u017e za rezanje log-linije. Dolazi s navlakom. Omogu\u0107uje sigurno rezanje svih vrsta log-linija ili remenja.<\/p>\n","protected":false},"excerpt":{"rendered":"<p>Za\u0161titni no\u017e Crveni 18,5cm &#8211; Plasti\u010dno za\u0161ti\u0107eni no\u017e za rezanje log-linije. Dolazi s navlakom. Omogu\u0107uje sigurno rezanje svih vrsta log-linija<\/p>\n","protected":false},"featured_media":5948196,"comment_status":"closed","ping_status":"closed","template":"","meta":[],"product_brand":[3081],"product_cat":[1856,1605],"product_tag":[],"class_list":{"0":"post-3692928","1":"product","2":"type-product","3":"status-publish","4":"has-post-thumbnail","6":"product_brand-macs-hr","7":"product_cat-jedrilicarski-nozevi-i-alati","8":"product_cat-oprema-za-sigurnost-plovila","10":"first","11":"instock","12":"shipping-taxable","13":"purchasable","14":"product-type-simple"},"_links":{"self":[{"href":"https:\/\/stoic-curie.212-227-153-4.plesk.page\/hr\/wp-json\/wp\/v2\/product\/3692928","targetHints":{"allow":["GET"]}}],"collection":[{"href":"https:\/\/stoic-curie.212-227-153-4.plesk.page\/hr\/wp-json\/wp\/v2\/product"}],"about":[{"href":"https:\/\/stoic-curie.212-227-153-4.plesk.page\/hr\/wp-json\/wp\/v2\/types\/product"}],"replies":[{"embeddable":true,"href":"https:\/\/stoic-curie.212-227-153-4.plesk.page\/hr\/wp-json\/wp\/v2\/comments?post=3692928"}],"version-history":[{"count":0,"href":"https:\/\/stoic-curie.212-227-153-4.plesk.page\/hr\/wp-json\/wp\/v2\/product\/3692928\/revisions"}],"wp:featuredmedia":[{"embeddable":true,"href":"https:\/\/stoic-curie.212-227-153-4.plesk.page\/hr\/wp-json\/wp\/v2\/media\/5948196"}],"wp:attachment":[{"href":"https:\/\/stoic-curie.212-227-153-4.plesk.page\/hr\/wp-json\/wp\/v2\/media?parent=3692928"}],"wp:term":[{"taxonomy":"product_brand","embeddable":true,"href":"https:\/\/stoic-curie.212-227-153-4.plesk.page\/hr\/wp-json\/wp\/v2\/product_brand?post=3692928"},{"taxonomy":"product_cat","embeddable":true,"href":"https:\/\/stoic-curie.212-227-153-4.plesk.page\/hr\/wp-json\/wp\/v2\/product_cat?post=3692928"},{"taxonomy":"product_tag","embeddable":true,"href":"https:\/\/stoic-curie.212-227-153-4.plesk.page\/hr\/wp-json\/wp\/v2\/product_tag?post=3692928"}],"curies":[{"name":"wp","href":"https:\/\/api.w.org\/{rel}","templated":true}]}}