{"id":3692932,"date":"2025-10-13T13:53:08","date_gmt":"2025-10-13T17:53:08","guid":{"rendered":"https:\/\/stoic-curie.212-227-153-4.plesk.page\/product\/sakupljac-skoljaka-rucka-narancasta-ostrica-100-cm\/"},"modified":"2026-02-25T00:01:20","modified_gmt":"2026-02-25T00:01:20","slug":"sakupljac-skoljaka-rucka-narancasta-ostrica-100-cm","status":"publish","type":"product","link":"https:\/\/stoic-curie.212-227-153-4.plesk.page\/hr\/product\/sakupljac-skoljaka-rucka-narancasta-ostrica-100-cm\/","title":{"rendered":"Sakupljac \u0161koljaka ru\u010dka naran\u010dasta, o\u0161trica 100 cm"},"content":{"rendered":"<p>Sakupljac \u0161koljaka ru\u010dka naran\u010dasta, o\u0161trica 100 cm &#8211; <\/p>\n<p>Alat za sakupljanje razorfisha. ABS ru\u010dka, W1.4301 nehr\u0111aju\u0107i \u010deli\u010dni vrh.<\/p>\n","protected":false},"excerpt":{"rendered":"<p>Sakupljac \u0161koljaka ru\u010dka naran\u010dasta, o\u0161trica 100 cm &#8211; Alat za sakupljanje razorfisha. ABS ru\u010dka, W1.4301 nehr\u0111aju\u0107i \u010deli\u010dni vrh.<\/p>\n","protected":false},"featured_media":5948205,"comment_status":"closed","ping_status":"closed","template":"","meta":[],"product_brand":[3236],"product_cat":[1843],"product_tag":[],"class_list":{"0":"post-3692932","1":"product","2":"type-product","3":"status-publish","4":"has-post-thumbnail","6":"product_brand-osculati-hr","7":"product_cat-oprema-za-ribolov-na-brodu","9":"first","10":"instock","11":"shipping-taxable","12":"purchasable","13":"product-type-simple"},"_links":{"self":[{"href":"https:\/\/stoic-curie.212-227-153-4.plesk.page\/hr\/wp-json\/wp\/v2\/product\/3692932","targetHints":{"allow":["GET"]}}],"collection":[{"href":"https:\/\/stoic-curie.212-227-153-4.plesk.page\/hr\/wp-json\/wp\/v2\/product"}],"about":[{"href":"https:\/\/stoic-curie.212-227-153-4.plesk.page\/hr\/wp-json\/wp\/v2\/types\/product"}],"replies":[{"embeddable":true,"href":"https:\/\/stoic-curie.212-227-153-4.plesk.page\/hr\/wp-json\/wp\/v2\/comments?post=3692932"}],"version-history":[{"count":0,"href":"https:\/\/stoic-curie.212-227-153-4.plesk.page\/hr\/wp-json\/wp\/v2\/product\/3692932\/revisions"}],"wp:featuredmedia":[{"embeddable":true,"href":"https:\/\/stoic-curie.212-227-153-4.plesk.page\/hr\/wp-json\/wp\/v2\/media\/5948205"}],"wp:attachment":[{"href":"https:\/\/stoic-curie.212-227-153-4.plesk.page\/hr\/wp-json\/wp\/v2\/media?parent=3692932"}],"wp:term":[{"taxonomy":"product_brand","embeddable":true,"href":"https:\/\/stoic-curie.212-227-153-4.plesk.page\/hr\/wp-json\/wp\/v2\/product_brand?post=3692932"},{"taxonomy":"product_cat","embeddable":true,"href":"https:\/\/stoic-curie.212-227-153-4.plesk.page\/hr\/wp-json\/wp\/v2\/product_cat?post=3692932"},{"taxonomy":"product_tag","embeddable":true,"href":"https:\/\/stoic-curie.212-227-153-4.plesk.page\/hr\/wp-json\/wp\/v2\/product_tag?post=3692932"}],"curies":[{"name":"wp","href":"https:\/\/api.w.org\/{rel}","templated":true}]}}