{"id":3692979,"date":"2025-10-13T13:53:19","date_gmt":"2025-10-13T17:53:19","guid":{"rendered":"https:\/\/stoic-curie.212-227-153-4.plesk.page\/product\/modularni-natezac-t-pritega-nehrdajuci-celik-l-3-8\/"},"modified":"2026-02-25T00:01:20","modified_gmt":"2026-02-25T00:01:20","slug":"modularni-natezac-t-pritega-nehrdajuci-celik-l-3-8","status":"publish","type":"product","link":"https:\/\/stoic-curie.212-227-153-4.plesk.page\/hr\/product\/modularni-natezac-t-pritega-nehrdajuci-celik-l-3-8\/","title":{"rendered":"Modularni nateza\u010d &#8211; T-pritega, nehr\u0111aju\u0107i \u010delik L 3\/8&#8243;"},"content":{"rendered":"<p>Modularni nateza\u010d &#8211; T-pritega, nehr\u0111aju\u0107i \u010delik L 3\/8&#8243; &#8211; <\/p>\n<p>Otvorena tijela od nehr\u0111aju\u0107eg \u010delika 316 s UNF in\u010dnim navojnim modularnim utezima.<\/p>\n","protected":false},"excerpt":{"rendered":"<p>Modularni nateza\u010d &#8211; T-pritega, nehr\u0111aju\u0107i \u010delik L 3\/8&#8243; &#8211; Otvorena tijela od nehr\u0111aju\u0107eg \u010delika 316 s UNF in\u010dnim navojnim modularnim<\/p>\n","protected":false},"featured_media":5948207,"comment_status":"closed","ping_status":"closed","template":"","meta":[],"product_brand":[3121],"product_cat":[1757,1701],"product_tag":[],"class_list":{"0":"post-3692979","1":"product","2":"type-product","3":"status-publish","4":"has-post-thumbnail","6":"product_brand-marinetech-hr","7":"product_cat-rucice-za-zatezanje-pripona","8":"product_cat-zatezaci-celicnog-uzeta","10":"first","11":"instock","12":"shipping-taxable","13":"purchasable","14":"product-type-simple"},"_links":{"self":[{"href":"https:\/\/stoic-curie.212-227-153-4.plesk.page\/hr\/wp-json\/wp\/v2\/product\/3692979","targetHints":{"allow":["GET"]}}],"collection":[{"href":"https:\/\/stoic-curie.212-227-153-4.plesk.page\/hr\/wp-json\/wp\/v2\/product"}],"about":[{"href":"https:\/\/stoic-curie.212-227-153-4.plesk.page\/hr\/wp-json\/wp\/v2\/types\/product"}],"replies":[{"embeddable":true,"href":"https:\/\/stoic-curie.212-227-153-4.plesk.page\/hr\/wp-json\/wp\/v2\/comments?post=3692979"}],"version-history":[{"count":0,"href":"https:\/\/stoic-curie.212-227-153-4.plesk.page\/hr\/wp-json\/wp\/v2\/product\/3692979\/revisions"}],"wp:featuredmedia":[{"embeddable":true,"href":"https:\/\/stoic-curie.212-227-153-4.plesk.page\/hr\/wp-json\/wp\/v2\/media\/5948207"}],"wp:attachment":[{"href":"https:\/\/stoic-curie.212-227-153-4.plesk.page\/hr\/wp-json\/wp\/v2\/media?parent=3692979"}],"wp:term":[{"taxonomy":"product_brand","embeddable":true,"href":"https:\/\/stoic-curie.212-227-153-4.plesk.page\/hr\/wp-json\/wp\/v2\/product_brand?post=3692979"},{"taxonomy":"product_cat","embeddable":true,"href":"https:\/\/stoic-curie.212-227-153-4.plesk.page\/hr\/wp-json\/wp\/v2\/product_cat?post=3692979"},{"taxonomy":"product_tag","embeddable":true,"href":"https:\/\/stoic-curie.212-227-153-4.plesk.page\/hr\/wp-json\/wp\/v2\/product_tag?post=3692979"}],"curies":[{"name":"wp","href":"https:\/\/api.w.org\/{rel}","templated":true}]}}