{"id":3692981,"date":"2025-10-13T13:53:20","date_gmt":"2025-10-13T17:53:20","guid":{"rendered":"https:\/\/stoic-curie.212-227-153-4.plesk.page\/product\/modularni-natezac-t-terminal-nehrdajuci-celik-r-1-2-celicno-uze-3mm\/"},"modified":"2026-02-25T00:01:20","modified_gmt":"2026-02-25T00:01:20","slug":"modularni-natezac-t-terminal-nehrdajuci-celik-r-1-2-celicno-uze-3mm","status":"publish","type":"product","link":"https:\/\/stoic-curie.212-227-153-4.plesk.page\/hr\/product\/modularni-natezac-t-terminal-nehrdajuci-celik-r-1-2-celicno-uze-3mm\/","title":{"rendered":"Modularni nateza\u010d &#8211; T-Terminal, nehr\u0111aju\u0107i \u010delik, R 1\/2&#8243; \u010deli\u010dno u\u017ee 3mm"},"content":{"rendered":"<p>Modularni nateza\u010d &#8211; T-Terminal, nehr\u0111aju\u0107i \u010delik, R 1\/2&#8243; \u010deli\u010dno u\u017ee 3mm &#8211; <\/p>\n<p>Modularni utezni vijci s otvorenim tijelom od nehr\u0111aju\u0107eg \u010delika 316 s UNF navojem u in\u010dima.<\/p>\n","protected":false},"excerpt":{"rendered":"<p>Modularni nateza\u010d &#8211; T-Terminal, nehr\u0111aju\u0107i \u010delik, R 1\/2&#8243; \u010deli\u010dno u\u017ee 3mm &#8211; Modularni utezni vijci s otvorenim tijelom od nehr\u0111aju\u0107eg<\/p>\n","protected":false},"featured_media":5948207,"comment_status":"closed","ping_status":"closed","template":"","meta":[],"product_brand":[3121],"product_cat":[1757,1701],"product_tag":[],"class_list":{"0":"post-3692981","1":"product","2":"type-product","3":"status-publish","4":"has-post-thumbnail","6":"product_brand-marinetech-hr","7":"product_cat-rucice-za-zatezanje-pripona","8":"product_cat-zatezaci-celicnog-uzeta","10":"first","11":"instock","12":"shipping-taxable","13":"purchasable","14":"product-type-simple"},"_links":{"self":[{"href":"https:\/\/stoic-curie.212-227-153-4.plesk.page\/hr\/wp-json\/wp\/v2\/product\/3692981","targetHints":{"allow":["GET"]}}],"collection":[{"href":"https:\/\/stoic-curie.212-227-153-4.plesk.page\/hr\/wp-json\/wp\/v2\/product"}],"about":[{"href":"https:\/\/stoic-curie.212-227-153-4.plesk.page\/hr\/wp-json\/wp\/v2\/types\/product"}],"replies":[{"embeddable":true,"href":"https:\/\/stoic-curie.212-227-153-4.plesk.page\/hr\/wp-json\/wp\/v2\/comments?post=3692981"}],"version-history":[{"count":0,"href":"https:\/\/stoic-curie.212-227-153-4.plesk.page\/hr\/wp-json\/wp\/v2\/product\/3692981\/revisions"}],"wp:featuredmedia":[{"embeddable":true,"href":"https:\/\/stoic-curie.212-227-153-4.plesk.page\/hr\/wp-json\/wp\/v2\/media\/5948207"}],"wp:attachment":[{"href":"https:\/\/stoic-curie.212-227-153-4.plesk.page\/hr\/wp-json\/wp\/v2\/media?parent=3692981"}],"wp:term":[{"taxonomy":"product_brand","embeddable":true,"href":"https:\/\/stoic-curie.212-227-153-4.plesk.page\/hr\/wp-json\/wp\/v2\/product_brand?post=3692981"},{"taxonomy":"product_cat","embeddable":true,"href":"https:\/\/stoic-curie.212-227-153-4.plesk.page\/hr\/wp-json\/wp\/v2\/product_cat?post=3692981"},{"taxonomy":"product_tag","embeddable":true,"href":"https:\/\/stoic-curie.212-227-153-4.plesk.page\/hr\/wp-json\/wp\/v2\/product_tag?post=3692981"}],"curies":[{"name":"wp","href":"https:\/\/api.w.org\/{rel}","templated":true}]}}