{"id":3692990,"date":"2025-10-13T13:53:21","date_gmt":"2025-10-13T17:53:21","guid":{"rendered":"https:\/\/stoic-curie.212-227-153-4.plesk.page\/product\/nehrdajuci-brzi-terminal-s-okom-za-celicno-uze-4mm\/"},"modified":"2026-02-25T00:01:20","modified_gmt":"2026-02-25T00:01:20","slug":"nehrdajuci-brzi-terminal-s-okom-za-celicno-uze-4mm","status":"publish","type":"product","link":"https:\/\/stoic-curie.212-227-153-4.plesk.page\/hr\/product\/nehrdajuci-brzi-terminal-s-okom-za-celicno-uze-4mm\/","title":{"rendered":"Nehr\u0111aju\u0107i brzi terminal s okom za \u010deli\u010dno u\u017ee 4mm"},"content":{"rendered":"<p>Nehr\u0111aju\u0107i brzi terminal s okom za \u010deli\u010dno u\u017ee 4mm &#8211; <\/p>\n<p>316 nehr\u0111aju\u0107i \u010delik bez swageless okasti terminali. Iznimna snaga hvatanja jednaka maksimalnom optere\u0107enju \u017eice. Lako za monta\u017eu, samo umetnite \u010deli\u010dnu \u017eicu u terminal i vreteno ga automatski hvata. Pogodno za sve vrste \u010deli\u010dnih \u017eica (19\/49\/133 \u017eice).<\/p>\n","protected":false},"excerpt":{"rendered":"<p>Nehr\u0111aju\u0107i brzi terminal s okom za \u010deli\u010dno u\u017ee 4mm &#8211; 316 nehr\u0111aju\u0107i \u010delik bez swageless okasti terminali. Iznimna snaga hvatanja<\/p>\n","protected":false},"featured_media":5948210,"comment_status":"closed","ping_status":"closed","template":"","meta":[],"product_brand":[3121],"product_cat":[1696,1765],"product_tag":[],"class_list":{"0":"post-3692990","1":"product","2":"type-product","3":"status-publish","4":"has-post-thumbnail","6":"product_brand-marinetech-hr","7":"product_cat-nehrdajuci-kabelski-terminali","8":"product_cat-pribor-i-oprema-za-brodice-i-jedrilice","10":"first","11":"instock","12":"shipping-taxable","13":"purchasable","14":"product-type-simple"},"_links":{"self":[{"href":"https:\/\/stoic-curie.212-227-153-4.plesk.page\/hr\/wp-json\/wp\/v2\/product\/3692990","targetHints":{"allow":["GET"]}}],"collection":[{"href":"https:\/\/stoic-curie.212-227-153-4.plesk.page\/hr\/wp-json\/wp\/v2\/product"}],"about":[{"href":"https:\/\/stoic-curie.212-227-153-4.plesk.page\/hr\/wp-json\/wp\/v2\/types\/product"}],"replies":[{"embeddable":true,"href":"https:\/\/stoic-curie.212-227-153-4.plesk.page\/hr\/wp-json\/wp\/v2\/comments?post=3692990"}],"version-history":[{"count":0,"href":"https:\/\/stoic-curie.212-227-153-4.plesk.page\/hr\/wp-json\/wp\/v2\/product\/3692990\/revisions"}],"wp:featuredmedia":[{"embeddable":true,"href":"https:\/\/stoic-curie.212-227-153-4.plesk.page\/hr\/wp-json\/wp\/v2\/media\/5948210"}],"wp:attachment":[{"href":"https:\/\/stoic-curie.212-227-153-4.plesk.page\/hr\/wp-json\/wp\/v2\/media?parent=3692990"}],"wp:term":[{"taxonomy":"product_brand","embeddable":true,"href":"https:\/\/stoic-curie.212-227-153-4.plesk.page\/hr\/wp-json\/wp\/v2\/product_brand?post=3692990"},{"taxonomy":"product_cat","embeddable":true,"href":"https:\/\/stoic-curie.212-227-153-4.plesk.page\/hr\/wp-json\/wp\/v2\/product_cat?post=3692990"},{"taxonomy":"product_tag","embeddable":true,"href":"https:\/\/stoic-curie.212-227-153-4.plesk.page\/hr\/wp-json\/wp\/v2\/product_tag?post=3692990"}],"curies":[{"name":"wp","href":"https:\/\/api.w.org\/{rel}","templated":true}]}}