{"id":3693018,"date":"2025-10-13T13:53:28","date_gmt":"2025-10-13T17:53:28","guid":{"rendered":"https:\/\/stoic-curie.212-227-153-4.plesk.page\/product\/koloturnik-jednostruki-s-okretnim-zglobom-sprenger-hs-36mm-za-konop-10mm\/"},"modified":"2026-02-25T00:01:20","modified_gmt":"2026-02-25T00:01:20","slug":"koloturnik-jednostruki-s-okretnim-zglobom-sprenger-hs-36mm-za-konop-10mm","status":"publish","type":"product","link":"https:\/\/stoic-curie.212-227-153-4.plesk.page\/hr\/product\/koloturnik-jednostruki-s-okretnim-zglobom-sprenger-hs-36mm-za-konop-10mm\/","title":{"rendered":"Koloturnik jednostruki s okretnim zglobom Sprenger HS 36mm za konop 10mm"},"content":{"rendered":"<p>Koloturnik jednostruki s okretnim zglobom Sprenger HS 36mm za konop 10mm &#8211; <\/p>\n<p>Klizni le\u017eajevi HS blokovi za u\u017ead do 10 mm. <br \/>Klizni le\u017eaj: UV otporna Hi-Q plastika <br \/>Promjer remenice 36 mm: UV otporna Hi-Q plastika <br \/>Krajnje strane: UV otporna Hi-Q plastika i trake od nehr\u0111aju\u0107i \u010delik <br \/>Na\u010dinjena nosivost: 850 kg.<\/p>\n","protected":false},"excerpt":{"rendered":"<p>Koloturnik jednostruki s okretnim zglobom Sprenger HS 36mm za konop 10mm &#8211; Klizni le\u017eajevi HS blokovi za u\u017ead do 10<\/p>\n","protected":false},"featured_media":5948224,"comment_status":"closed","ping_status":"closed","template":"","meta":[],"product_brand":[3431],"product_cat":[1769],"product_tag":[],"class_list":{"0":"post-3693018","1":"product","2":"type-product","3":"status-publish","4":"has-post-thumbnail","6":"product_brand-sprenger-hs-hr","7":"product_cat-koloture-za-jedrilice-sprenger","9":"first","10":"instock","11":"shipping-taxable","12":"purchasable","13":"product-type-simple"},"_links":{"self":[{"href":"https:\/\/stoic-curie.212-227-153-4.plesk.page\/hr\/wp-json\/wp\/v2\/product\/3693018","targetHints":{"allow":["GET"]}}],"collection":[{"href":"https:\/\/stoic-curie.212-227-153-4.plesk.page\/hr\/wp-json\/wp\/v2\/product"}],"about":[{"href":"https:\/\/stoic-curie.212-227-153-4.plesk.page\/hr\/wp-json\/wp\/v2\/types\/product"}],"replies":[{"embeddable":true,"href":"https:\/\/stoic-curie.212-227-153-4.plesk.page\/hr\/wp-json\/wp\/v2\/comments?post=3693018"}],"version-history":[{"count":0,"href":"https:\/\/stoic-curie.212-227-153-4.plesk.page\/hr\/wp-json\/wp\/v2\/product\/3693018\/revisions"}],"wp:featuredmedia":[{"embeddable":true,"href":"https:\/\/stoic-curie.212-227-153-4.plesk.page\/hr\/wp-json\/wp\/v2\/media\/5948224"}],"wp:attachment":[{"href":"https:\/\/stoic-curie.212-227-153-4.plesk.page\/hr\/wp-json\/wp\/v2\/media?parent=3693018"}],"wp:term":[{"taxonomy":"product_brand","embeddable":true,"href":"https:\/\/stoic-curie.212-227-153-4.plesk.page\/hr\/wp-json\/wp\/v2\/product_brand?post=3693018"},{"taxonomy":"product_cat","embeddable":true,"href":"https:\/\/stoic-curie.212-227-153-4.plesk.page\/hr\/wp-json\/wp\/v2\/product_cat?post=3693018"},{"taxonomy":"product_tag","embeddable":true,"href":"https:\/\/stoic-curie.212-227-153-4.plesk.page\/hr\/wp-json\/wp\/v2\/product_tag?post=3693018"}],"curies":[{"name":"wp","href":"https:\/\/api.w.org\/{rel}","templated":true}]}}