{"id":3693022,"date":"2025-10-13T13:53:29","date_gmt":"2025-10-13T17:53:29","guid":{"rendered":"https:\/\/stoic-curie.212-227-153-4.plesk.page\/product\/drzac-uzeta-blue-navishell-8-x-13-cm\/"},"modified":"2026-02-25T00:01:20","modified_gmt":"2026-02-25T00:01:20","slug":"drzac-uzeta-blue-navishell-8-x-13-cm","status":"publish","type":"product","link":"https:\/\/stoic-curie.212-227-153-4.plesk.page\/hr\/product\/drzac-uzeta-blue-navishell-8-x-13-cm\/","title":{"rendered":"Dr\u017ea\u010d u\u017eeta Blue Navishell 8 x 13 cm"},"content":{"rendered":"<p>Dr\u017ea\u010d u\u017eeta Blue Navishell 8 x 13 cm &#8211; <\/p>\n<p>Dr\u017ea\u010d za u\u017ee od tkanine od akrila. Vodoodbojan i otporan na UV zrake. Jednostavna instalacija s \u010di\u010dak-trakom omogu\u0107uje brzo i kompaktno pospremanje u\u017ea.<\/p>\n","protected":false},"excerpt":{"rendered":"<p>Dr\u017ea\u010d u\u017eeta Blue Navishell 8 x 13 cm &#8211; Dr\u017ea\u010d za u\u017ee od tkanine od akrila. Vodoodbojan i otporan na<\/p>\n","protected":false},"featured_media":5948229,"comment_status":"closed","ping_status":"closed","template":"","meta":[],"product_brand":[3176],"product_cat":[1766,1768],"product_tag":[],"class_list":{"0":"post-3693022","1":"product","2":"type-product","3":"status-publish","4":"has-post-thumbnail","6":"product_brand-navishell-hr","7":"product_cat-navlake-i-stitnici-za-jedrilice","8":"product_cat-skote-i-podigaci-jedara","10":"first","11":"instock","12":"shipping-taxable","13":"purchasable","14":"product-type-simple"},"_links":{"self":[{"href":"https:\/\/stoic-curie.212-227-153-4.plesk.page\/hr\/wp-json\/wp\/v2\/product\/3693022","targetHints":{"allow":["GET"]}}],"collection":[{"href":"https:\/\/stoic-curie.212-227-153-4.plesk.page\/hr\/wp-json\/wp\/v2\/product"}],"about":[{"href":"https:\/\/stoic-curie.212-227-153-4.plesk.page\/hr\/wp-json\/wp\/v2\/types\/product"}],"replies":[{"embeddable":true,"href":"https:\/\/stoic-curie.212-227-153-4.plesk.page\/hr\/wp-json\/wp\/v2\/comments?post=3693022"}],"version-history":[{"count":0,"href":"https:\/\/stoic-curie.212-227-153-4.plesk.page\/hr\/wp-json\/wp\/v2\/product\/3693022\/revisions"}],"wp:featuredmedia":[{"embeddable":true,"href":"https:\/\/stoic-curie.212-227-153-4.plesk.page\/hr\/wp-json\/wp\/v2\/media\/5948229"}],"wp:attachment":[{"href":"https:\/\/stoic-curie.212-227-153-4.plesk.page\/hr\/wp-json\/wp\/v2\/media?parent=3693022"}],"wp:term":[{"taxonomy":"product_brand","embeddable":true,"href":"https:\/\/stoic-curie.212-227-153-4.plesk.page\/hr\/wp-json\/wp\/v2\/product_brand?post=3693022"},{"taxonomy":"product_cat","embeddable":true,"href":"https:\/\/stoic-curie.212-227-153-4.plesk.page\/hr\/wp-json\/wp\/v2\/product_cat?post=3693022"},{"taxonomy":"product_tag","embeddable":true,"href":"https:\/\/stoic-curie.212-227-153-4.plesk.page\/hr\/wp-json\/wp\/v2\/product_tag?post=3693022"}],"curies":[{"name":"wp","href":"https:\/\/api.w.org\/{rel}","templated":true}]}}