{"id":3693033,"date":"2025-10-13T13:53:32","date_gmt":"2025-10-13T17:53:32","guid":{"rendered":"https:\/\/stoic-curie.212-227-153-4.plesk.page\/product\/visebojni-dyneema-koluti-boja-zuta-o-3-mm-d-15-m\/"},"modified":"2026-02-25T00:01:20","modified_gmt":"2026-02-25T00:01:20","slug":"visebojni-dyneema-koluti-boja-zuta-o-3-mm-d-15-m","status":"publish","type":"product","link":"https:\/\/stoic-curie.212-227-153-4.plesk.page\/hr\/product\/visebojni-dyneema-koluti-boja-zuta-o-3-mm-d-15-m\/","title":{"rendered":"Vi\u0161ebojni dyneema koluti boja \u017euta  \u00f8 3 mm d 15 m"},"content":{"rendered":"<p>Vi\u0161ebojni dyneema koluti boja \u017euta  \u00f8 3 mm d 15 m &#8211; <\/p>\n<p>Mini kolut od vi\u0161ebojnog hi-tech Dyneema jezgre. Mogu se koristiti kao mini-u\u017ee, halyardi, uzice i za druge svrhe.<\/p>\n","protected":false},"excerpt":{"rendered":"<p>Vi\u0161ebojni dyneema koluti boja \u017euta \u00f8 3 mm d 15 m &#8211; Mini kolut od vi\u0161ebojnog hi-tech Dyneema jezgre. Mogu<\/p>\n","protected":false},"featured_media":5948233,"comment_status":"closed","ping_status":"closed","template":"","meta":[],"product_brand":[3236],"product_cat":[1767],"product_tag":[],"class_list":{"0":"post-3693033","1":"product","2":"type-product","3":"status-publish","4":"has-post-thumbnail","6":"product_brand-osculati-hr","7":"product_cat-dyneema-konopi","9":"first","10":"instock","11":"shipping-taxable","12":"purchasable","13":"product-type-simple"},"_links":{"self":[{"href":"https:\/\/stoic-curie.212-227-153-4.plesk.page\/hr\/wp-json\/wp\/v2\/product\/3693033","targetHints":{"allow":["GET"]}}],"collection":[{"href":"https:\/\/stoic-curie.212-227-153-4.plesk.page\/hr\/wp-json\/wp\/v2\/product"}],"about":[{"href":"https:\/\/stoic-curie.212-227-153-4.plesk.page\/hr\/wp-json\/wp\/v2\/types\/product"}],"replies":[{"embeddable":true,"href":"https:\/\/stoic-curie.212-227-153-4.plesk.page\/hr\/wp-json\/wp\/v2\/comments?post=3693033"}],"version-history":[{"count":0,"href":"https:\/\/stoic-curie.212-227-153-4.plesk.page\/hr\/wp-json\/wp\/v2\/product\/3693033\/revisions"}],"wp:featuredmedia":[{"embeddable":true,"href":"https:\/\/stoic-curie.212-227-153-4.plesk.page\/hr\/wp-json\/wp\/v2\/media\/5948233"}],"wp:attachment":[{"href":"https:\/\/stoic-curie.212-227-153-4.plesk.page\/hr\/wp-json\/wp\/v2\/media?parent=3693033"}],"wp:term":[{"taxonomy":"product_brand","embeddable":true,"href":"https:\/\/stoic-curie.212-227-153-4.plesk.page\/hr\/wp-json\/wp\/v2\/product_brand?post=3693033"},{"taxonomy":"product_cat","embeddable":true,"href":"https:\/\/stoic-curie.212-227-153-4.plesk.page\/hr\/wp-json\/wp\/v2\/product_cat?post=3693033"},{"taxonomy":"product_tag","embeddable":true,"href":"https:\/\/stoic-curie.212-227-153-4.plesk.page\/hr\/wp-json\/wp\/v2\/product_tag?post=3693033"}],"curies":[{"name":"wp","href":"https:\/\/api.w.org\/{rel}","templated":true}]}}