{"id":3693042,"date":"2025-10-13T13:53:34","date_gmt":"2025-10-13T17:53:34","guid":{"rendered":"https:\/\/stoic-curie.212-227-153-4.plesk.page\/product\/elasticni-konop-plavi-10-mm\/"},"modified":"2026-02-25T00:01:20","modified_gmt":"2026-02-25T00:01:20","slug":"elasticni-konop-plavi-10-mm","status":"publish","type":"product","link":"https:\/\/stoic-curie.212-227-153-4.plesk.page\/hr\/product\/elasticni-konop-plavi-10-mm\/","title":{"rendered":"Elasticni konop plavi 10 mm"},"content":{"rendered":"<p>Elasticni konop plavi 10 mm &#8211; <\/p>\n<p>Elasti\u010dna \u0161ok u\u017ead visoke kvalitete i dugotrajna u elektri\u010dnoj plavoj boji.<\/p>\n","protected":false},"excerpt":{"rendered":"<p>Elasticni konop plavi 10 mm &#8211; Elasti\u010dna \u0161ok u\u017ead visoke kvalitete i dugotrajna u elektri\u010dnoj plavoj boji.<\/p>\n","protected":false},"featured_media":5948237,"comment_status":"closed","ping_status":"closed","template":"","meta":[],"product_brand":[3491],"product_cat":[1608],"product_tag":[],"class_list":{"0":"post-3693042","1":"product","2":"type-product","3":"status-publish","4":"has-post-thumbnail","6":"product_brand-trem-hr","7":"product_cat-elasticno-uze","9":"first","10":"instock","11":"shipping-taxable","12":"purchasable","13":"product-type-simple"},"_links":{"self":[{"href":"https:\/\/stoic-curie.212-227-153-4.plesk.page\/hr\/wp-json\/wp\/v2\/product\/3693042","targetHints":{"allow":["GET"]}}],"collection":[{"href":"https:\/\/stoic-curie.212-227-153-4.plesk.page\/hr\/wp-json\/wp\/v2\/product"}],"about":[{"href":"https:\/\/stoic-curie.212-227-153-4.plesk.page\/hr\/wp-json\/wp\/v2\/types\/product"}],"replies":[{"embeddable":true,"href":"https:\/\/stoic-curie.212-227-153-4.plesk.page\/hr\/wp-json\/wp\/v2\/comments?post=3693042"}],"version-history":[{"count":0,"href":"https:\/\/stoic-curie.212-227-153-4.plesk.page\/hr\/wp-json\/wp\/v2\/product\/3693042\/revisions"}],"wp:featuredmedia":[{"embeddable":true,"href":"https:\/\/stoic-curie.212-227-153-4.plesk.page\/hr\/wp-json\/wp\/v2\/media\/5948237"}],"wp:attachment":[{"href":"https:\/\/stoic-curie.212-227-153-4.plesk.page\/hr\/wp-json\/wp\/v2\/media?parent=3693042"}],"wp:term":[{"taxonomy":"product_brand","embeddable":true,"href":"https:\/\/stoic-curie.212-227-153-4.plesk.page\/hr\/wp-json\/wp\/v2\/product_brand?post=3693042"},{"taxonomy":"product_cat","embeddable":true,"href":"https:\/\/stoic-curie.212-227-153-4.plesk.page\/hr\/wp-json\/wp\/v2\/product_cat?post=3693042"},{"taxonomy":"product_tag","embeddable":true,"href":"https:\/\/stoic-curie.212-227-153-4.plesk.page\/hr\/wp-json\/wp\/v2\/product_tag?post=3693042"}],"curies":[{"name":"wp","href":"https:\/\/api.w.org\/{rel}","templated":true}]}}