{"id":3693057,"date":"2025-10-13T13:53:38","date_gmt":"2025-10-13T17:53:38","guid":{"rendered":"https:\/\/stoic-curie.212-227-153-4.plesk.page\/product\/crno-elasticno-uze-s-dvije-kuke-8mm-x-80cm\/"},"modified":"2026-02-25T00:01:20","modified_gmt":"2026-02-25T00:01:20","slug":"crno-elasticno-uze-s-dvije-kuke-8mm-x-80cm","status":"publish","type":"product","link":"https:\/\/stoic-curie.212-227-153-4.plesk.page\/hr\/product\/crno-elasticno-uze-s-dvije-kuke-8mm-x-80cm\/","title":{"rendered":"Crno elasticno u\u017ee s dvije kuke 8mm x 80cm"},"content":{"rendered":"<p>Crno elasticno u\u017ee s dvije kuke 8mm x 80cm &#8211; <\/p>\n<p>Crni anodizirani nehr\u0111aju\u0107i \u010delik s 2 kuke i elasti\u010dnim kabelima sa za\u0161titnom gumenom kapicom.<\/p>\n","protected":false},"excerpt":{"rendered":"<p>Crno elasticno u\u017ee s dvije kuke 8mm x 80cm &#8211; Crni anodizirani nehr\u0111aju\u0107i \u010delik s 2 kuke i elasti\u010dnim kabelima<\/p>\n","protected":false},"featured_media":5948242,"comment_status":"closed","ping_status":"closed","template":"","meta":[],"product_brand":[3491],"product_cat":[1608,1838],"product_tag":[],"class_list":{"0":"post-3693057","1":"product","2":"type-product","3":"status-publish","4":"has-post-thumbnail","6":"product_brand-trem-hr","7":"product_cat-elasticno-uze","8":"product_cat-trake-i-remeni-za-pritezanje","10":"first","11":"instock","12":"shipping-taxable","13":"purchasable","14":"product-type-simple"},"_links":{"self":[{"href":"https:\/\/stoic-curie.212-227-153-4.plesk.page\/hr\/wp-json\/wp\/v2\/product\/3693057","targetHints":{"allow":["GET"]}}],"collection":[{"href":"https:\/\/stoic-curie.212-227-153-4.plesk.page\/hr\/wp-json\/wp\/v2\/product"}],"about":[{"href":"https:\/\/stoic-curie.212-227-153-4.plesk.page\/hr\/wp-json\/wp\/v2\/types\/product"}],"replies":[{"embeddable":true,"href":"https:\/\/stoic-curie.212-227-153-4.plesk.page\/hr\/wp-json\/wp\/v2\/comments?post=3693057"}],"version-history":[{"count":0,"href":"https:\/\/stoic-curie.212-227-153-4.plesk.page\/hr\/wp-json\/wp\/v2\/product\/3693057\/revisions"}],"wp:featuredmedia":[{"embeddable":true,"href":"https:\/\/stoic-curie.212-227-153-4.plesk.page\/hr\/wp-json\/wp\/v2\/media\/5948242"}],"wp:attachment":[{"href":"https:\/\/stoic-curie.212-227-153-4.plesk.page\/hr\/wp-json\/wp\/v2\/media?parent=3693057"}],"wp:term":[{"taxonomy":"product_brand","embeddable":true,"href":"https:\/\/stoic-curie.212-227-153-4.plesk.page\/hr\/wp-json\/wp\/v2\/product_brand?post=3693057"},{"taxonomy":"product_cat","embeddable":true,"href":"https:\/\/stoic-curie.212-227-153-4.plesk.page\/hr\/wp-json\/wp\/v2\/product_cat?post=3693057"},{"taxonomy":"product_tag","embeddable":true,"href":"https:\/\/stoic-curie.212-227-153-4.plesk.page\/hr\/wp-json\/wp\/v2\/product_tag?post=3693057"}],"curies":[{"name":"wp","href":"https:\/\/api.w.org\/{rel}","templated":true}]}}