{"id":3693058,"date":"2025-10-13T13:53:38","date_gmt":"2025-10-13T17:53:38","guid":{"rendered":"https:\/\/stoic-curie.212-227-153-4.plesk.page\/product\/pritezac-za-remen-25-mm-x-3mt-1500kg\/"},"modified":"2026-02-25T00:01:20","modified_gmt":"2026-02-25T00:01:20","slug":"pritezac-za-remen-25-mm-x-3mt-1500kg","status":"publish","type":"product","link":"https:\/\/stoic-curie.212-227-153-4.plesk.page\/hr\/product\/pritezac-za-remen-25-mm-x-3mt-1500kg\/","title":{"rendered":"Priteza\u010d za remen 25 mm x 3mt 1500kg"},"content":{"rendered":"<p>Priteza\u010d za remen 25 mm x 3mt 1500kg &#8211; <\/p>\n<p>Traka s \u010di\u010dak sustavom izra\u0111ena od visokotla\u010dnog poliestera i \u017eeljezo-nikal klina. Idealna za vezivanje tereta na \u010damcima, mostovima, spremnicima, kolica i vozilima. CE oznaka prema EN 12195-2.<\/p>\n","protected":false},"excerpt":{"rendered":"<p>Priteza\u010d za remen 25 mm x 3mt 1500kg &#8211; Traka s \u010di\u010dak sustavom izra\u0111ena od visokotla\u010dnog poliestera i \u017eeljezo-nikal klina.<\/p>\n","protected":false},"featured_media":5945688,"comment_status":"closed","ping_status":"closed","template":"","meta":[],"product_brand":[2891],"product_cat":[1838],"product_tag":[],"class_list":{"0":"post-3693058","1":"product","2":"type-product","3":"status-publish","4":"has-post-thumbnail","6":"product_brand-domar-hr","7":"product_cat-trake-i-remeni-za-pritezanje","9":"first","10":"instock","11":"shipping-taxable","12":"purchasable","13":"product-type-simple"},"_links":{"self":[{"href":"https:\/\/stoic-curie.212-227-153-4.plesk.page\/hr\/wp-json\/wp\/v2\/product\/3693058","targetHints":{"allow":["GET"]}}],"collection":[{"href":"https:\/\/stoic-curie.212-227-153-4.plesk.page\/hr\/wp-json\/wp\/v2\/product"}],"about":[{"href":"https:\/\/stoic-curie.212-227-153-4.plesk.page\/hr\/wp-json\/wp\/v2\/types\/product"}],"replies":[{"embeddable":true,"href":"https:\/\/stoic-curie.212-227-153-4.plesk.page\/hr\/wp-json\/wp\/v2\/comments?post=3693058"}],"version-history":[{"count":0,"href":"https:\/\/stoic-curie.212-227-153-4.plesk.page\/hr\/wp-json\/wp\/v2\/product\/3693058\/revisions"}],"wp:featuredmedia":[{"embeddable":true,"href":"https:\/\/stoic-curie.212-227-153-4.plesk.page\/hr\/wp-json\/wp\/v2\/media\/5945688"}],"wp:attachment":[{"href":"https:\/\/stoic-curie.212-227-153-4.plesk.page\/hr\/wp-json\/wp\/v2\/media?parent=3693058"}],"wp:term":[{"taxonomy":"product_brand","embeddable":true,"href":"https:\/\/stoic-curie.212-227-153-4.plesk.page\/hr\/wp-json\/wp\/v2\/product_brand?post=3693058"},{"taxonomy":"product_cat","embeddable":true,"href":"https:\/\/stoic-curie.212-227-153-4.plesk.page\/hr\/wp-json\/wp\/v2\/product_cat?post=3693058"},{"taxonomy":"product_tag","embeddable":true,"href":"https:\/\/stoic-curie.212-227-153-4.plesk.page\/hr\/wp-json\/wp\/v2\/product_tag?post=3693058"}],"curies":[{"name":"wp","href":"https:\/\/api.w.org\/{rel}","templated":true}]}}