{"id":3693059,"date":"2025-10-13T13:53:39","date_gmt":"2025-10-13T17:53:39","guid":{"rendered":"https:\/\/stoic-curie.212-227-153-4.plesk.page\/product\/pritezac-za-remen-35mm-x-6mt-2000kg\/"},"modified":"2026-02-25T00:01:20","modified_gmt":"2026-02-25T00:01:20","slug":"pritezac-za-remen-35mm-x-6mt-2000kg","status":"publish","type":"product","link":"https:\/\/stoic-curie.212-227-153-4.plesk.page\/hr\/product\/pritezac-za-remen-35mm-x-6mt-2000kg\/","title":{"rendered":"Priteza\u010d za remen 35mm x 6mt 2000kg"},"content":{"rendered":"<p>Priteza\u010d za remen 35mm x 6mt 2000kg &#8211; <\/p>\n<p>Traka sa zup\u010dastom zup\u010danicom od visokotla\u010dnog poliestera i \u017eeljese-cadmium zup\u010dastom zup\u010danicom. Idealna za osiguranje tereta na \u010damcima, mostovima, teretnim prostorima, kolica i vozila. CE znak prema EN 12195-2.<\/p>\n","protected":false},"excerpt":{"rendered":"<p>Priteza\u010d za remen 35mm x 6mt 2000kg &#8211; Traka sa zup\u010dastom zup\u010danicom od visokotla\u010dnog poliestera i \u017eeljese-cadmium zup\u010dastom zup\u010danicom. Idealna<\/p>\n","protected":false},"featured_media":5945688,"comment_status":"closed","ping_status":"closed","template":"","meta":[],"product_brand":[2891],"product_cat":[1838],"product_tag":[],"class_list":{"0":"post-3693059","1":"product","2":"type-product","3":"status-publish","4":"has-post-thumbnail","6":"product_brand-domar-hr","7":"product_cat-trake-i-remeni-za-pritezanje","9":"first","10":"instock","11":"shipping-taxable","12":"purchasable","13":"product-type-simple"},"_links":{"self":[{"href":"https:\/\/stoic-curie.212-227-153-4.plesk.page\/hr\/wp-json\/wp\/v2\/product\/3693059","targetHints":{"allow":["GET"]}}],"collection":[{"href":"https:\/\/stoic-curie.212-227-153-4.plesk.page\/hr\/wp-json\/wp\/v2\/product"}],"about":[{"href":"https:\/\/stoic-curie.212-227-153-4.plesk.page\/hr\/wp-json\/wp\/v2\/types\/product"}],"replies":[{"embeddable":true,"href":"https:\/\/stoic-curie.212-227-153-4.plesk.page\/hr\/wp-json\/wp\/v2\/comments?post=3693059"}],"version-history":[{"count":0,"href":"https:\/\/stoic-curie.212-227-153-4.plesk.page\/hr\/wp-json\/wp\/v2\/product\/3693059\/revisions"}],"wp:featuredmedia":[{"embeddable":true,"href":"https:\/\/stoic-curie.212-227-153-4.plesk.page\/hr\/wp-json\/wp\/v2\/media\/5945688"}],"wp:attachment":[{"href":"https:\/\/stoic-curie.212-227-153-4.plesk.page\/hr\/wp-json\/wp\/v2\/media?parent=3693059"}],"wp:term":[{"taxonomy":"product_brand","embeddable":true,"href":"https:\/\/stoic-curie.212-227-153-4.plesk.page\/hr\/wp-json\/wp\/v2\/product_brand?post=3693059"},{"taxonomy":"product_cat","embeddable":true,"href":"https:\/\/stoic-curie.212-227-153-4.plesk.page\/hr\/wp-json\/wp\/v2\/product_cat?post=3693059"},{"taxonomy":"product_tag","embeddable":true,"href":"https:\/\/stoic-curie.212-227-153-4.plesk.page\/hr\/wp-json\/wp\/v2\/product_tag?post=3693059"}],"curies":[{"name":"wp","href":"https:\/\/api.w.org\/{rel}","templated":true}]}}