{"id":3693062,"date":"2025-10-13T13:53:40","date_gmt":"2025-10-13T17:53:40","guid":{"rendered":"https:\/\/stoic-curie.212-227-153-4.plesk.page\/product\/najlonska-kuka-za-poklopce-5mm\/"},"modified":"2026-02-25T00:01:20","modified_gmt":"2026-02-25T00:01:20","slug":"najlonska-kuka-za-poklopce-5mm","status":"publish","type":"product","link":"https:\/\/stoic-curie.212-227-153-4.plesk.page\/hr\/product\/najlonska-kuka-za-poklopce-5mm\/","title":{"rendered":"Najlonska kuka za poklopce 5mm"},"content":{"rendered":"<p>Najlonska kuka za poklopce 5mm &#8211; <\/p>\n<p>Nylon pokriva\u010d s mehanizmom za blokiranje. Sastoji se od 2 dijela, od kojih je jedan klinast: \u0161to vi\u0161e vu\u010de tkaninu, ja\u010da je blokiraju\u0107a sila. Pakiranje s 10 komada.<\/p>\n","protected":false},"excerpt":{"rendered":"<p>Najlonska kuka za poklopce 5mm &#8211; Nylon pokriva\u010d s mehanizmom za blokiranje. Sastoji se od 2 dijela, od kojih je<\/p>\n","protected":false},"featured_media":5948247,"comment_status":"closed","ping_status":"closed","template":"","meta":[],"product_brand":[3236],"product_cat":[1689,1703],"product_tag":[],"class_list":{"0":"post-3693062","1":"product","2":"type-product","3":"status-publish","4":"has-post-thumbnail","6":"product_brand-osculati-hr","7":"product_cat-bimini-tende","8":"product_cat-hardver-za-navlake-i-bimini","10":"first","11":"instock","12":"shipping-taxable","13":"purchasable","14":"product-type-simple"},"_links":{"self":[{"href":"https:\/\/stoic-curie.212-227-153-4.plesk.page\/hr\/wp-json\/wp\/v2\/product\/3693062","targetHints":{"allow":["GET"]}}],"collection":[{"href":"https:\/\/stoic-curie.212-227-153-4.plesk.page\/hr\/wp-json\/wp\/v2\/product"}],"about":[{"href":"https:\/\/stoic-curie.212-227-153-4.plesk.page\/hr\/wp-json\/wp\/v2\/types\/product"}],"replies":[{"embeddable":true,"href":"https:\/\/stoic-curie.212-227-153-4.plesk.page\/hr\/wp-json\/wp\/v2\/comments?post=3693062"}],"version-history":[{"count":0,"href":"https:\/\/stoic-curie.212-227-153-4.plesk.page\/hr\/wp-json\/wp\/v2\/product\/3693062\/revisions"}],"wp:featuredmedia":[{"embeddable":true,"href":"https:\/\/stoic-curie.212-227-153-4.plesk.page\/hr\/wp-json\/wp\/v2\/media\/5948247"}],"wp:attachment":[{"href":"https:\/\/stoic-curie.212-227-153-4.plesk.page\/hr\/wp-json\/wp\/v2\/media?parent=3693062"}],"wp:term":[{"taxonomy":"product_brand","embeddable":true,"href":"https:\/\/stoic-curie.212-227-153-4.plesk.page\/hr\/wp-json\/wp\/v2\/product_brand?post=3693062"},{"taxonomy":"product_cat","embeddable":true,"href":"https:\/\/stoic-curie.212-227-153-4.plesk.page\/hr\/wp-json\/wp\/v2\/product_cat?post=3693062"},{"taxonomy":"product_tag","embeddable":true,"href":"https:\/\/stoic-curie.212-227-153-4.plesk.page\/hr\/wp-json\/wp\/v2\/product_tag?post=3693062"}],"curies":[{"name":"wp","href":"https:\/\/api.w.org\/{rel}","templated":true}]}}