{"id":3693090,"date":"2025-10-13T13:53:47","date_gmt":"2025-10-13T17:53:47","guid":{"rendered":"https:\/\/stoic-curie.212-227-153-4.plesk.page\/product\/nehrdajuca-baza-za-bimini-s-vijkom\/"},"modified":"2026-02-25T00:01:21","modified_gmt":"2026-02-25T00:01:21","slug":"nehrdajuca-baza-za-bimini-s-vijkom","status":"publish","type":"product","link":"https:\/\/stoic-curie.212-227-153-4.plesk.page\/hr\/product\/nehrdajuca-baza-za-bimini-s-vijkom\/","title":{"rendered":"Nehr\u0111aju\u0107a baza za Bimini s vijkom"},"content":{"rendered":"<p>Nehr\u0111aju\u0107a baza za Bimini s vijkom &#8211; <\/p>\n<p>Baza za monta\u017eu s bo\u010dne strane od nehr\u0111aju\u0107eg \u010delika za bimini.<\/p>\n","protected":false},"excerpt":{"rendered":"<p>Nehr\u0111aju\u0107a baza za Bimini s vijkom &#8211; Baza za monta\u017eu s bo\u010dne strane od nehr\u0111aju\u0107eg \u010delika za bimini.<\/p>\n","protected":false},"featured_media":5948267,"comment_status":"closed","ping_status":"closed","template":"","meta":[],"product_brand":[3121],"product_cat":[1689,1703],"product_tag":[],"class_list":{"0":"post-3693090","1":"product","2":"type-product","3":"status-publish","4":"has-post-thumbnail","6":"product_brand-marinetech-hr","7":"product_cat-bimini-tende","8":"product_cat-hardver-za-navlake-i-bimini","10":"first","11":"instock","12":"shipping-taxable","13":"purchasable","14":"product-type-simple"},"_links":{"self":[{"href":"https:\/\/stoic-curie.212-227-153-4.plesk.page\/hr\/wp-json\/wp\/v2\/product\/3693090","targetHints":{"allow":["GET"]}}],"collection":[{"href":"https:\/\/stoic-curie.212-227-153-4.plesk.page\/hr\/wp-json\/wp\/v2\/product"}],"about":[{"href":"https:\/\/stoic-curie.212-227-153-4.plesk.page\/hr\/wp-json\/wp\/v2\/types\/product"}],"replies":[{"embeddable":true,"href":"https:\/\/stoic-curie.212-227-153-4.plesk.page\/hr\/wp-json\/wp\/v2\/comments?post=3693090"}],"version-history":[{"count":0,"href":"https:\/\/stoic-curie.212-227-153-4.plesk.page\/hr\/wp-json\/wp\/v2\/product\/3693090\/revisions"}],"wp:featuredmedia":[{"embeddable":true,"href":"https:\/\/stoic-curie.212-227-153-4.plesk.page\/hr\/wp-json\/wp\/v2\/media\/5948267"}],"wp:attachment":[{"href":"https:\/\/stoic-curie.212-227-153-4.plesk.page\/hr\/wp-json\/wp\/v2\/media?parent=3693090"}],"wp:term":[{"taxonomy":"product_brand","embeddable":true,"href":"https:\/\/stoic-curie.212-227-153-4.plesk.page\/hr\/wp-json\/wp\/v2\/product_brand?post=3693090"},{"taxonomy":"product_cat","embeddable":true,"href":"https:\/\/stoic-curie.212-227-153-4.plesk.page\/hr\/wp-json\/wp\/v2\/product_cat?post=3693090"},{"taxonomy":"product_tag","embeddable":true,"href":"https:\/\/stoic-curie.212-227-153-4.plesk.page\/hr\/wp-json\/wp\/v2\/product_tag?post=3693090"}],"curies":[{"name":"wp","href":"https:\/\/api.w.org\/{rel}","templated":true}]}}