{"id":3693092,"date":"2025-10-13T13:53:47","date_gmt":"2025-10-13T17:53:47","guid":{"rendered":"https:\/\/stoic-curie.212-227-153-4.plesk.page\/product\/konkavna-baza-od-nehrdajuceg-celika-za-bmini-s-pinom\/"},"modified":"2026-02-25T00:01:21","modified_gmt":"2026-02-25T00:01:21","slug":"konkavna-baza-od-nehrdajuceg-celika-za-bmini-s-pinom","status":"publish","type":"product","link":"https:\/\/stoic-curie.212-227-153-4.plesk.page\/hr\/product\/konkavna-baza-od-nehrdajuceg-celika-za-bmini-s-pinom\/","title":{"rendered":"Konkavna baza od nehr\u0111aju\u0107eg \u010delika za Bmini s pinom"},"content":{"rendered":"<p>Konkavna baza od nehr\u0111aju\u0107eg \u010delika za Bmini s pinom &#8211; <\/p>\n<p>Odbojnica od nehr\u0111aju\u0107eg \u010delika \u00d8 22\/25 mm s konkavnom osnovom za bimini. S lako uklonjivom iglicom i sigurnosnom blokadom.<\/p>\n","protected":false},"excerpt":{"rendered":"<p>Konkavna baza od nehr\u0111aju\u0107eg \u010delika za Bmini s pinom &#8211; Odbojnica od nehr\u0111aju\u0107eg \u010delika \u00d8 22\/25 mm s konkavnom osnovom<\/p>\n","protected":false},"featured_media":5948269,"comment_status":"closed","ping_status":"closed","template":"","meta":[],"product_brand":[3121],"product_cat":[1689,1703],"product_tag":[],"class_list":{"0":"post-3693092","1":"product","2":"type-product","3":"status-publish","4":"has-post-thumbnail","6":"product_brand-marinetech-hr","7":"product_cat-bimini-tende","8":"product_cat-hardver-za-navlake-i-bimini","10":"first","11":"instock","12":"shipping-taxable","13":"purchasable","14":"product-type-simple"},"_links":{"self":[{"href":"https:\/\/stoic-curie.212-227-153-4.plesk.page\/hr\/wp-json\/wp\/v2\/product\/3693092","targetHints":{"allow":["GET"]}}],"collection":[{"href":"https:\/\/stoic-curie.212-227-153-4.plesk.page\/hr\/wp-json\/wp\/v2\/product"}],"about":[{"href":"https:\/\/stoic-curie.212-227-153-4.plesk.page\/hr\/wp-json\/wp\/v2\/types\/product"}],"replies":[{"embeddable":true,"href":"https:\/\/stoic-curie.212-227-153-4.plesk.page\/hr\/wp-json\/wp\/v2\/comments?post=3693092"}],"version-history":[{"count":0,"href":"https:\/\/stoic-curie.212-227-153-4.plesk.page\/hr\/wp-json\/wp\/v2\/product\/3693092\/revisions"}],"wp:featuredmedia":[{"embeddable":true,"href":"https:\/\/stoic-curie.212-227-153-4.plesk.page\/hr\/wp-json\/wp\/v2\/media\/5948269"}],"wp:attachment":[{"href":"https:\/\/stoic-curie.212-227-153-4.plesk.page\/hr\/wp-json\/wp\/v2\/media?parent=3693092"}],"wp:term":[{"taxonomy":"product_brand","embeddable":true,"href":"https:\/\/stoic-curie.212-227-153-4.plesk.page\/hr\/wp-json\/wp\/v2\/product_brand?post=3693092"},{"taxonomy":"product_cat","embeddable":true,"href":"https:\/\/stoic-curie.212-227-153-4.plesk.page\/hr\/wp-json\/wp\/v2\/product_cat?post=3693092"},{"taxonomy":"product_tag","embeddable":true,"href":"https:\/\/stoic-curie.212-227-153-4.plesk.page\/hr\/wp-json\/wp\/v2\/product_tag?post=3693092"}],"curies":[{"name":"wp","href":"https:\/\/api.w.org\/{rel}","templated":true}]}}