{"id":3693168,"date":"2025-10-13T13:54:06","date_gmt":"2025-10-13T17:54:06","guid":{"rendered":"https:\/\/stoic-curie.212-227-153-4.plesk.page\/product\/rezervna-brtva-mercruiser-27-863726\/"},"modified":"2026-02-25T00:01:21","modified_gmt":"2026-02-25T00:01:21","slug":"rezervna-brtva-mercruiser-27-863726","status":"publish","type":"product","link":"https:\/\/stoic-curie.212-227-153-4.plesk.page\/hr\/product\/rezervna-brtva-mercruiser-27-863726\/","title":{"rendered":"Rezervna brtva Mercruiser 27-863726"},"content":{"rendered":"<p>Rezervna brtva Mercruiser 27-863726 &#8211; <\/p>\n<p>Izvorni Mercruiser 807988A03 ispu\u0161ni riser. Prikladan za motore 4.3L\/LX &#8211; 5.0L\/LX &#8211; 5.7L\/LX &#8211; 7.4L\/LX. Treba ga dovr\u0161iti s brtvom i 4 vijka 5040412. 7.4L\/LX modeli zahtijevaju 3 vijka 5040412 i 1 vijak 5040413. Dostupni su kitovi za podizanje od 3 i 6 in\u010da potrebni za pode\u0161avanje visine ispu\u0161ne linije.<\/p>\n","protected":false},"excerpt":{"rendered":"<p>Rezervna brtva Mercruiser 27-863726 &#8211; Izvorni Mercruiser 807988A03 ispu\u0161ni riser. Prikladan za motore 4.3L\/LX &#8211; 5.0L\/LX &#8211; 5.7L\/LX &#8211; 7.4L\/LX.<\/p>\n","protected":false},"featured_media":5945727,"comment_status":"closed","ping_status":"closed","template":"","meta":[],"product_brand":[3286],"product_cat":[1830],"product_tag":[],"class_list":{"0":"post-3693168","1":"product","2":"type-product","3":"status-publish","4":"has-post-thumbnail","6":"product_brand-quicksilver-hr","7":"product_cat-rezervni-dijelovi-za-vanbrodske-motore-mercruiser","9":"first","10":"instock","11":"shipping-taxable","12":"purchasable","13":"product-type-simple"},"_links":{"self":[{"href":"https:\/\/stoic-curie.212-227-153-4.plesk.page\/hr\/wp-json\/wp\/v2\/product\/3693168","targetHints":{"allow":["GET"]}}],"collection":[{"href":"https:\/\/stoic-curie.212-227-153-4.plesk.page\/hr\/wp-json\/wp\/v2\/product"}],"about":[{"href":"https:\/\/stoic-curie.212-227-153-4.plesk.page\/hr\/wp-json\/wp\/v2\/types\/product"}],"replies":[{"embeddable":true,"href":"https:\/\/stoic-curie.212-227-153-4.plesk.page\/hr\/wp-json\/wp\/v2\/comments?post=3693168"}],"version-history":[{"count":0,"href":"https:\/\/stoic-curie.212-227-153-4.plesk.page\/hr\/wp-json\/wp\/v2\/product\/3693168\/revisions"}],"wp:featuredmedia":[{"embeddable":true,"href":"https:\/\/stoic-curie.212-227-153-4.plesk.page\/hr\/wp-json\/wp\/v2\/media\/5945727"}],"wp:attachment":[{"href":"https:\/\/stoic-curie.212-227-153-4.plesk.page\/hr\/wp-json\/wp\/v2\/media?parent=3693168"}],"wp:term":[{"taxonomy":"product_brand","embeddable":true,"href":"https:\/\/stoic-curie.212-227-153-4.plesk.page\/hr\/wp-json\/wp\/v2\/product_brand?post=3693168"},{"taxonomy":"product_cat","embeddable":true,"href":"https:\/\/stoic-curie.212-227-153-4.plesk.page\/hr\/wp-json\/wp\/v2\/product_cat?post=3693168"},{"taxonomy":"product_tag","embeddable":true,"href":"https:\/\/stoic-curie.212-227-153-4.plesk.page\/hr\/wp-json\/wp\/v2\/product_tag?post=3693168"}],"curies":[{"name":"wp","href":"https:\/\/api.w.org\/{rel}","templated":true}]}}