{"id":3693170,"date":"2025-10-13T13:54:06","date_gmt":"2025-10-13T17:54:06","guid":{"rendered":"https:\/\/stoic-curie.212-227-153-4.plesk.page\/product\/rezervni-vijci-nosaca-ispuha-mercruiser-10-44387\/"},"modified":"2026-02-25T00:01:21","modified_gmt":"2026-02-25T00:01:21","slug":"rezervni-vijci-nosaca-ispuha-mercruiser-10-44387","status":"publish","type":"product","link":"https:\/\/stoic-curie.212-227-153-4.plesk.page\/hr\/product\/rezervni-vijci-nosaca-ispuha-mercruiser-10-44387\/","title":{"rendered":"Rezervni vijci nosa\u010da ispuha Mercruiser 10-44387"},"content":{"rendered":"<p>Rezervni vijci nosa\u010da ispuha Mercruiser 10-44387 &#8211; <\/p>\n<p>Izvorni Mercruiser 807988A03 ispu\u0161ni podiza\u010d. Prikladno za motore 4.3L\/LX &#8211; 5.0L\/LX &#8211; 5.7L\/LX &#8211; 7.4L\/LX. Mora se dopuniti brtvom i 4 vijka 5040412. Modeli 7.4L\/LX imaju 3 vijka 5040412 i 1 vijak 5040413. Dostupni su kompleti razmaknice od 3 i 6 in\u010da potrebni za pode\u0161avanje visine ispu\u0161ne cijevi.<\/p>\n","protected":false},"excerpt":{"rendered":"<p>Rezervni vijci nosa\u010da ispuha Mercruiser 10-44387 &#8211; Izvorni Mercruiser 807988A03 ispu\u0161ni podiza\u010d. Prikladno za motore 4.3L\/LX &#8211; 5.0L\/LX &#8211; 5.7L\/LX<\/p>\n","protected":false},"featured_media":5945727,"comment_status":"closed","ping_status":"closed","template":"","meta":[],"product_brand":[3286],"product_cat":[1830],"product_tag":[],"class_list":{"0":"post-3693170","1":"product","2":"type-product","3":"status-publish","4":"has-post-thumbnail","6":"product_brand-quicksilver-hr","7":"product_cat-rezervni-dijelovi-za-vanbrodske-motore-mercruiser","9":"first","10":"instock","11":"shipping-taxable","12":"purchasable","13":"product-type-simple"},"_links":{"self":[{"href":"https:\/\/stoic-curie.212-227-153-4.plesk.page\/hr\/wp-json\/wp\/v2\/product\/3693170","targetHints":{"allow":["GET"]}}],"collection":[{"href":"https:\/\/stoic-curie.212-227-153-4.plesk.page\/hr\/wp-json\/wp\/v2\/product"}],"about":[{"href":"https:\/\/stoic-curie.212-227-153-4.plesk.page\/hr\/wp-json\/wp\/v2\/types\/product"}],"replies":[{"embeddable":true,"href":"https:\/\/stoic-curie.212-227-153-4.plesk.page\/hr\/wp-json\/wp\/v2\/comments?post=3693170"}],"version-history":[{"count":0,"href":"https:\/\/stoic-curie.212-227-153-4.plesk.page\/hr\/wp-json\/wp\/v2\/product\/3693170\/revisions"}],"wp:featuredmedia":[{"embeddable":true,"href":"https:\/\/stoic-curie.212-227-153-4.plesk.page\/hr\/wp-json\/wp\/v2\/media\/5945727"}],"wp:attachment":[{"href":"https:\/\/stoic-curie.212-227-153-4.plesk.page\/hr\/wp-json\/wp\/v2\/media?parent=3693170"}],"wp:term":[{"taxonomy":"product_brand","embeddable":true,"href":"https:\/\/stoic-curie.212-227-153-4.plesk.page\/hr\/wp-json\/wp\/v2\/product_brand?post=3693170"},{"taxonomy":"product_cat","embeddable":true,"href":"https:\/\/stoic-curie.212-227-153-4.plesk.page\/hr\/wp-json\/wp\/v2\/product_cat?post=3693170"},{"taxonomy":"product_tag","embeddable":true,"href":"https:\/\/stoic-curie.212-227-153-4.plesk.page\/hr\/wp-json\/wp\/v2\/product_tag?post=3693170"}],"curies":[{"name":"wp","href":"https:\/\/api.w.org\/{rel}","templated":true}]}}